{"id":955,"date":"2023-01-24T15:32:17","date_gmt":"2023-01-24T14:32:17","guid":{"rendered":"http:\/\/aqtilog.fr\/?page_id=955"},"modified":"2023-03-29T11:26:13","modified_gmt":"2023-03-29T09:26:13","slug":"reporting","status":"publish","type":"page","link":"https:\/\/aqtilog.fr\/index.php\/reporting\/","title":{"rendered":"Reporting"},"content":{"rendered":"\n<div style=\"height:22px\" aria-hidden=\"true\" class=\"wp-block-spacer\"><\/div>\n\n\n\n<div class=\"wp-block-columns image_radius7 tuile has-background is-layout-flex wp-container-core-columns-is-layout-9d6595d7 wp-block-columns-is-layout-flex\" style=\"background:linear-gradient(135deg,rgb(3,75,130) 0%,rgb(40,154,252) 100%)\">\n<div class=\"wp-block-column is-layout-flow wp-block-column-is-layout-flow\" style=\"flex-basis:100%\">\n<div class=\"wp-block-columns is-layout-flex wp-container-core-columns-is-layout-9d6595d7 wp-block-columns-is-layout-flex\">\n<div class=\"wp-block-column is-layout-flow wp-block-column-is-layout-flow\" style=\"flex-basis:100%\">\n<h3 class=\"has-text-align-left has-nv-site-bg-color has-text-color wp-block-heading\">Reporting<\/h3>\n\n\n\n<p class=\"has-text-align-left has-nv-site-bg-color has-text-color\">Vous capitalisez sur le fonctionnel d\u2019Excel\u00ae en d\u00e9multipliant ses capacit\u00e9s de reporting<\/p>\n\n\n\n<p class=\"has-text-align-left has-nv-site-bg-color has-text-color\">Fournir des tableaux de bord pertinents pour orienter vos choix strat\u00e9giques, pour faire preuve de r\u00e9activit\u00e9 face aux impr\u00e9vus et pr\u00e9venir des risques devient un enjeu majeur. Enrichissez Excel\u00ae, votre outil d\u2019analyse de performance, en y apportant une intelligence et une analyse profonde, pr\u00e9cise de vos donn\u00e9es de gestion Sage.<\/p>\n<\/div>\n<\/div>\n<\/div>\n<\/div>\n\n\n\n<p><strong>Fonctionnalit\u00e9s principales du reporting :<\/strong><\/p>\n\n\n\n<p><\/p>\n\n\n\n<div class=\"wp-block-columns is-layout-flex wp-container-core-columns-is-layout-9d6595d7 wp-block-columns-is-layout-flex\">\n<div class=\"wp-block-column is-layout-flow wp-block-column-is-layout-flow\" style=\"flex-basis:40%\">\n<p class=\"has-black-color has-text-color\"><i class=\"fas fa-square-check\"><\/i> Utilisation de connecteurs pr\u00eats \u00e0 l&#8217;emploi <br><i class=\"fas fa-square-check\"><\/i> Cr\u00e9ation de connecteurs librement&nbsp; <br><i class=\"fas fa-square-check\"><\/i> Gestion des droits d\u2019acc\u00e8s <br><i class=\"fas fa-square-check\"><\/i> Alimentation dynamique des tableaux <br><i class=\"fas fa-square-check\"><\/i> Automatisation des tableaux Office <br><i class=\"fas fa-square-check\"><\/i> D\u00e9tail des montants aliment\u00e9s <br><i class=\"fas fa-square-check\"><\/i> Alimentation des graphiques dynamiques <br><i class=\"fas fa-square-check\"><\/i> Envoi manuel ou automatis\u00e9 des tableaux <br><i class=\"fas fa-square-check\"><\/i> Intranet de publication des documents Excel <br><\/p>\n\n\n\n<p><\/p>\n<\/div>\n\n\n\n<div class=\"wp-block-column is-layout-flow wp-block-column-is-layout-flow\" style=\"flex-basis:60%\">\n<figure class=\"wp-block-image size-full\"><img loading=\"lazy\" decoding=\"async\" width=\"640\" height=\"424\" src=\"https:\/\/aqtilog.fr\/wp-content\/uploads\/2023\/01\/financial-g95ca6a9f4_640-1.jpg\" alt=\"\" class=\"wp-image-980\" srcset=\"https:\/\/aqtilog.fr\/wp-content\/uploads\/2023\/01\/financial-g95ca6a9f4_640-1.jpg 640w, https:\/\/aqtilog.fr\/wp-content\/uploads\/2023\/01\/financial-g95ca6a9f4_640-1-300x199.jpg 300w\" sizes=\"auto, (max-width: 640px) 100vw, 640px\" \/><\/figure>\n<\/div>\n<\/div>\n\n\n\n<div style=\"height:34px\" aria-hidden=\"true\" class=\"wp-block-spacer\"><\/div>\n\n\n\n<div class=\"wp-block-columns image_radius7 tuile padlr50 has-background is-layout-flex wp-container-core-columns-is-layout-9d6595d7 wp-block-columns-is-layout-flex\" style=\"background:linear-gradient(135deg,rgb(3,75,130) 0%,rgb(40,154,252) 100%)\">\n<div class=\"wp-block-column is-layout-flow wp-block-column-is-layout-flow\" style=\"flex-basis:10%\"><\/div>\n\n\n\n<div class=\"wp-block-column has-background is-layout-flow wp-block-column-is-layout-flow\" style=\"background-color:#00000000\">\n<div style=\"height:23px\" aria-hidden=\"true\" class=\"wp-block-spacer\"><\/div>\n\n\n\n<h3 class=\"has-text-align-center has-nv-site-bg-color has-text-color wp-block-heading\">T\u00e9l\u00e9charger la plaquette reporting<\/h3>\n\n\n<div class='fluentform ff-default fluentform_wrapper_17  ff_guten_block ff_guten_block-17 ffs_default_wrap'><form data-form_id=\"17\" id=\"fluentform_17\" class=\"frm-fluent-form fluent_form_17 ff-el-form-top ff_form_instance_17_1 ff-form-loading ffs_default\" data-form_instance=\"ff_form_instance_17_1\" method=\"POST\" ><fieldset  style=\"border: none!important;margin: 0!important;padding: 0!important;background-color: transparent!important;box-shadow: none!important;outline: none!important; min-inline-size: 100%;\">\n                    <legend class=\"ff_screen_reader_title\" style=\"display: block; margin: 0!important;padding: 0!important;height: 0!important;text-indent: -999999px;width: 0!important;overflow:hidden;\">Plaquette Reporting<\/legend><input type='hidden' name='__fluent_form_embded_post_id' value='955' \/><input type=\"hidden\" id=\"_fluentform_17_fluentformnonce\" name=\"_fluentform_17_fluentformnonce\" value=\"1002f3ce01\" \/><input type=\"hidden\" name=\"_wp_http_referer\" value=\"\/index.php\/wp-json\/wp\/v2\/pages\/955\" \/><div data-name=\"ff_cn_id_1\"  class='ff-t-container ff-column-container ff_columns_total_1 '><div class='ff-t-cell ff-t-column-1' style='flex-basis: 100%;'><div class='ff-el-group'><div class='ff-el-input--content'><input type=\"text\" name=\"input_text\" class=\"ff-el-form-control\" placeholder=\"Vos nom, pr\u00e9nom\" data-name=\"input_text\" id=\"ff_17_input_text\"  aria-invalid=\"false\" aria-required=true><\/div><\/div><div class='ff-el-group'><div class='ff-el-input--content'><input type=\"text\" name=\"input_text_1\" class=\"ff-el-form-control\" placeholder=\"Votre soci\u00e9t\u00e9\" data-name=\"input_text_1\" id=\"ff_17_input_text_1\"  aria-invalid=\"false\" aria-required=true><\/div><\/div><div class='ff-el-group ff-el-form-hide_label'><div class=\"ff-el-input--label ff-el-is-required asterisk-right\"><label for='ff_17_email' id='label_ff_17_email' aria-label=\"T\u00e9l\u00e9charger la plaquette Sage 100 Comptabilit\u00e9\">T\u00e9l\u00e9charger la plaquette Sage 100 Comptabilit\u00e9<\/label><\/div><div class='ff-el-input--content'><input type=\"email\" name=\"email\" id=\"ff_17_email\" class=\"ff-el-form-control\" placeholder=\"Votre email\" data-name=\"email\"  aria-invalid=\"false\" aria-required=true><\/div><\/div><\/div><\/div><div class='ff-el-group ff-text-center ff_submit_btn_wrapper'><button type=\"submit\" class=\"ff-btn ff-btn-submit ff-btn-md ff_btn_style\"  aria-label=\"Afficher le lien de t\u00e9l\u00e9chargement\">Afficher le lien de t\u00e9l\u00e9chargement<\/button><\/div><\/fieldset><\/form><div id='fluentform_17_errors' class='ff-errors-in-stack ff_form_instance_17_1 ff-form-loading_errors ff_form_instance_17_1_errors'><\/div><\/div>            <script type=\"text\/javascript\">\n                window.fluent_form_ff_form_instance_17_1 = {\"id\":\"17\",\"settings\":{\"layout\":{\"labelPlacement\":\"top\",\"helpMessagePlacement\":\"with_label\",\"errorMessagePlacement\":\"inline\",\"cssClassName\":\"\",\"asteriskPlacement\":\"asterisk-right\"},\"restrictions\":{\"denyEmptySubmission\":{\"enabled\":false}}},\"form_instance\":\"ff_form_instance_17_1\",\"form_id_selector\":\"fluentform_17\",\"rules\":{\"input_text\":{\"required\":{\"value\":true,\"message\":\"Merci de pr\\u00e9ciser vos nom et pr\\u00e9nom\"}},\"input_text_1\":{\"required\":{\"value\":true,\"message\":\"Merci de pr\\u00e9ciser votre soci\\u00e9t\\u00e9\"}},\"email\":{\"required\":{\"value\":true,\"message\":\"Ce champ est obligatoire\"},\"email\":{\"value\":true,\"message\":\"Ce champ doit contenir un e-mail valide\"}}},\"debounce_time\":300};\n                            <\/script>\n            <\/div>\n\n\n\n<div class=\"wp-block-column is-layout-flow wp-block-column-is-layout-flow\" style=\"flex-basis:10%\"><\/div>\n<\/div>\n\n\n\n<p class=\"has-medium-font-size\"><strong>Les plus du reporting avec votre partenaire Aqtilog<\/strong><\/p>\n\n\n\n<div class=\"wp-block-columns is-layout-flex wp-container-core-columns-is-layout-9d6595d7 wp-block-columns-is-layout-flex\">\n<div class=\"wp-block-column tuile_just img_radius7 is-layout-flow wp-block-column-is-layout-flow\"><div class=\"wp-block-image\">\n<figure class=\"aligncenter size-full\"><img loading=\"lazy\" decoding=\"async\" width=\"48\" height=\"48\" src=\"https:\/\/aqtilog.fr\/wp-content\/uploads\/2022\/10\/one.png\" alt=\"\" class=\"wp-image-578\"\/><\/figure>\n<\/div>\n\n\n<p><strong><a href=\"https:\/\/aqtilog.fr\/index.php\/projets\/\">Une solution adapt\u00e9e \u00e0 vos besoins<\/a><\/strong><br>Notre \u00e9quipe vous accompagnera tout au long de votre projet.<\/p>\n<\/div>\n\n\n\n<div class=\"wp-block-column tuile_just img_radius7 is-layout-flow wp-block-column-is-layout-flow\"><div class=\"wp-block-image\">\n<figure class=\"aligncenter size-full\"><img loading=\"lazy\" decoding=\"async\" width=\"48\" height=\"48\" src=\"https:\/\/aqtilog.fr\/wp-content\/uploads\/2022\/10\/formation.png\" alt=\"\" class=\"wp-image-580\"\/><\/figure>\n<\/div>\n\n\n<p><strong><a href=\"https:\/\/aqtilog.fr\/index.php\/formation\/\">Formation<\/a><\/strong><br>Aqtilog, accr\u00e9dit\u00e9 Qualiopi, apportera \u00e0 vos \u00e9quipe une formation de qualit\u00e9 personnalis\u00e9e<\/p>\n<\/div>\n\n\n\n<div class=\"wp-block-column tuile_just img_radius7 is-layout-flow wp-block-column-is-layout-flow\"><div class=\"wp-block-image\">\n<figure class=\"aligncenter size-full\"><img loading=\"lazy\" decoding=\"async\" width=\"48\" height=\"48\" src=\"https:\/\/aqtilog.fr\/wp-content\/uploads\/2022\/10\/casque.png\" alt=\"\" class=\"wp-image-581\"\/><\/figure>\n<\/div>\n\n\n<p><strong><a href=\"https:\/\/aqtilog.fr\/index.php\/hotline\/\">Hotline<\/a><\/strong><br>Un service Hotline \u00e0 vos c\u00f4t\u00e9s au quotidien.<\/p>\n<\/div>\n<\/div>\n\n\n\n<p class=\"has-medium-font-size\">Pour aller plus loin<\/p>\n\n\n\n<div class=\"wp-block-columns is-layout-flex wp-container-core-columns-is-layout-9d6595d7 wp-block-columns-is-layout-flex\">\n<div class=\"wp-block-column tuile_just img_radius7 is-layout-flow wp-block-column-is-layout-flow\">\n<p><strong><mark style=\"background-color:rgba(0, 0, 0, 0)\" class=\"has-inline-color has-neve-link-color-color\">Vous partagez l\u2019information en toute simplicit\u00e9<\/mark><\/strong><br><br>Vous stockez l\u2019information puis vous diffusez vos reportings directement par mail, les imprimer ou encore les consulter en toute s\u00e9curit\u00e9, avec ou sans Excel\u00ae, sur n\u2019importe quel support. Aucune comp\u00e9tence technique n\u2019est requise pour publier un tableau.<\/p>\n<\/div>\n\n\n\n<div class=\"wp-block-column tuile_just img_radius7 is-layout-flow wp-block-column-is-layout-flow\">\n<p><strong><mark style=\"background-color:rgba(0, 0, 0, 0)\" class=\"has-inline-color has-neve-link-color-color\">Vous pr\u00e9sentez des tableaux de bord en temps r\u00e9el, pr\u00e9cis et illustr\u00e9s<\/mark><\/strong><br><br>Gr\u00e2ce au moteur (In-Memory) innovant et robuste, la puissance de calcul \u00e0 la cellule permet de construire le tableau dont vous avez besoin. Vous recalculez en temps r\u00e9el les tableaux en disposant de la derni\u00e8re information disponible. Les outils de mise en forme vous permettent de faire \u00e9merger les informations cl\u00e9s. Vous choisissez la forme la plus appropri\u00e9es pour optimiser leur compr\u00e9hension et interpr\u00e9tation : graphiques, tableaux, courbes, dashboard\u2026 Vos feuilles Excel\u00ae deviennent de v\u00e9ritables sources budg\u00e9taires.<\/p>\n<\/div>\n\n\n\n<div class=\"wp-block-column tuile_just img_radius7 is-layout-flow wp-block-column-is-layout-flow\">\n<p><strong><mark style=\"background-color:rgba(0, 0, 0, 0)\" class=\"has-inline-color has-neve-link-color-color\">Sage BI Reporting&nbsp;: pour tous les secteurs d\u2019entreprise et \u00e0 tous les niveaux<\/mark><\/strong><br><br><\/p>\n\n\n\n<ul class=\"wp-block-list\">\n<li>Dirigeants et fonctions commerciales&nbsp;: Analyse des clients, des produits, des activit\u00e9s. Gagnez du temps au profit de l\u2019analyse et du pilotage de l\u2019entreprise.<\/li>\n\n\n\n<li>DAF&nbsp;: R\u00e9duction du temps pass\u00e9 sur la tenue des fichiers<\/li>\n\n\n\n<li>Directeurs de production&nbsp;: Gestion de la production et des stocks en temps r\u00e9el. Optimisation de la production et de la planification de la fabrication et des commandes.<\/li>\n<\/ul>\n<\/div>\n<\/div>\n\n\n\n<div class=\"wp-block-cover alignfull is-light\" style=\"min-height:88px;aspect-ratio:unset;\"><span aria-hidden=\"true\" class=\"wp-block-cover__background has-background-dim-100 has-background-dim has-background-gradient has-pale-ocean-gradient-background\"><\/span><div class=\"wp-block-cover__inner-container is-layout-flow wp-block-cover-is-layout-flow\">\n<div style=\"height:22px\" aria-hidden=\"true\" class=\"wp-block-spacer\"><\/div>\n\n\n\n<h3 class=\"has-text-align-center wp-block-heading\">Contactez-nous : <a href=\"https:\/\/aqtilog.fr\/index.php\/15c42-web-agency-gb-contact-us\/\">formulaire de contact<\/a><\/h3>\n<\/div><\/div>\n\n\n\n<div style=\"height:14px\" aria-hidden=\"true\" class=\"wp-block-spacer\"><\/div>\n","protected":false},"excerpt":{"rendered":"<p>Reporting Vous capitalisez sur le fonctionnel d\u2019Excel\u00ae en d\u00e9multipliant ses capacit\u00e9s de reporting Fournir des tableaux de bord pertinents pour orienter vos choix strat\u00e9giques, pour faire preuve de r\u00e9activit\u00e9 face aux impr\u00e9vus et pr\u00e9venir des risques devient un enjeu majeur. Enrichissez Excel\u00ae, votre outil d\u2019analyse de performance, en y apportant une intelligence et une analyse&hellip;&nbsp;<a href=\"https:\/\/aqtilog.fr\/index.php\/reporting\/\" class=\"\" rel=\"bookmark\">Lire la suite &raquo;<span class=\"screen-reader-text\">Reporting<\/span><\/a><\/p>\n","protected":false},"author":3,"featured_media":0,"parent":0,"menu_order":0,"comment_status":"closed","ping_status":"closed","template":"","meta":{"neve_meta_sidebar":"","neve_meta_container":"","neve_meta_enable_content_width":"","neve_meta_content_width":0,"neve_meta_title_alignment":"","neve_meta_author_avatar":"","neve_post_elements_order":"","neve_meta_disable_header":"","neve_meta_disable_footer":"","neve_meta_disable_title":"off","footnotes":""},"class_list":["post-955","page","type-page","status-publish","hentry"],"_links":{"self":[{"href":"https:\/\/aqtilog.fr\/index.php\/wp-json\/wp\/v2\/pages\/955","targetHints":{"allow":["GET"]}}],"collection":[{"href":"https:\/\/aqtilog.fr\/index.php\/wp-json\/wp\/v2\/pages"}],"about":[{"href":"https:\/\/aqtilog.fr\/index.php\/wp-json\/wp\/v2\/types\/page"}],"author":[{"embeddable":true,"href":"https:\/\/aqtilog.fr\/index.php\/wp-json\/wp\/v2\/users\/3"}],"replies":[{"embeddable":true,"href":"https:\/\/aqtilog.fr\/index.php\/wp-json\/wp\/v2\/comments?post=955"}],"version-history":[{"count":11,"href":"https:\/\/aqtilog.fr\/index.php\/wp-json\/wp\/v2\/pages\/955\/revisions"}],"predecessor-version":[{"id":1512,"href":"https:\/\/aqtilog.fr\/index.php\/wp-json\/wp\/v2\/pages\/955\/revisions\/1512"}],"wp:attachment":[{"href":"https:\/\/aqtilog.fr\/index.php\/wp-json\/wp\/v2\/media?parent=955"}],"curies":[{"name":"wp","href":"https:\/\/api.w.org\/{rel}","templated":true}]}}