{"id":949,"date":"2023-01-24T15:31:21","date_gmt":"2023-01-24T14:31:21","guid":{"rendered":"http:\/\/aqtilog.fr\/?page_id=949"},"modified":"2023-03-29T11:24:23","modified_gmt":"2023-03-29T09:24:23","slug":"paie-rh","status":"publish","type":"page","link":"https:\/\/aqtilog.fr\/index.php\/paie-rh\/","title":{"rendered":"Paie RH"},"content":{"rendered":"\n<div style=\"height:22px\" aria-hidden=\"true\" class=\"wp-block-spacer\"><\/div>\n\n\n\n<div class=\"wp-block-columns image_radius7 tuile has-background is-layout-flex wp-container-core-columns-is-layout-9d6595d7 wp-block-columns-is-layout-flex\" style=\"background:linear-gradient(135deg,rgb(3,75,130) 0%,rgb(40,154,252) 100%)\">\n<div class=\"wp-block-column is-layout-flow wp-block-column-is-layout-flow\" style=\"flex-basis:100%\">\n<div class=\"wp-block-columns is-layout-flex wp-container-core-columns-is-layout-9d6595d7 wp-block-columns-is-layout-flex\">\n<div class=\"wp-block-column is-layout-flow wp-block-column-is-layout-flow\" style=\"flex-basis:100%\">\n<h3 class=\"has-text-align-left has-nv-site-bg-color has-text-color wp-block-heading\">Qu\u2019est-ce qu\u2019un logiciel de paie&nbsp;?<\/h3>\n\n\n\n<p class=\"has-text-align-left has-nv-site-bg-color has-text-color\">Un logiciel de paie est une solution qui aide les entreprises \u00e0 g\u00e9rer, maintenir et automatiser le paiement des salaires aux employ\u00e9s.<\/p>\n\n\n\n<p class=\"has-text-align-left has-nv-site-bg-color has-text-color\">D\u00e9mat\u00e9rialisez, simplifiez et automatisez les processus administratifs et comptables li\u00e9s \u00e0 la paie.<br>Gr\u00e2ce aux automatismes, \u00e9vitez les ressaisies et les erreurs pour une paie juste, conforme et en temps voulu.<br>Editez les bulletins de salaire simplifi\u00e9 en quelques minutes pour un gain de temps consid\u00e9rable.<br>Compilez toutes les donn\u00e9es sociales dans une base de donn\u00e9es pour vos employ\u00e9s.<\/p>\n<\/div>\n<\/div>\n<\/div>\n<\/div>\n\n\n\n<p><strong>Fonctionnalit\u00e9s principales de la Paie \/ RH:<\/strong><\/p>\n\n\n\n<p><\/p>\n\n\n\n<div class=\"wp-block-columns is-layout-flex wp-container-core-columns-is-layout-9d6595d7 wp-block-columns-is-layout-flex\">\n<div class=\"wp-block-column is-layout-flow wp-block-column-is-layout-flow\" style=\"flex-basis:40%\">\n<p class=\"has-black-color has-text-color\"><i class=\"fas fa-square-check\"><\/i> Conformit\u00e9 l\u00e9gale <br><i class=\"fas fa-square-check\"><\/i> Mise \u00e0 jour en temps r\u00e9el <br><i class=\"fas fa-square-check\"><\/i> Suivi RH<br><i class=\"fas fa-square-check\"><\/i> Suivi des cong\u00e9s \/ Arr\u00eats maladie <br><i class=\"fas fa-square-check\"><\/i> Plan de formation <br><i class=\"fas fa-square-check\"><\/i> D\u00e9mat\u00e9rialisation des documents <br><i class=\"fas fa-square-check\"><\/i> Coffre fort<br><i class=\"fas fa-square-check\"><\/i> Version OnPremise \/ SaaS<br><\/p>\n\n\n\n<p><\/p>\n<\/div>\n\n\n\n<div class=\"wp-block-column is-layout-flow wp-block-column-is-layout-flow\" style=\"flex-basis:60%\">\n<figure class=\"wp-block-image size-full\"><img loading=\"lazy\" decoding=\"async\" width=\"640\" height=\"640\" src=\"https:\/\/aqtilog.fr\/wp-content\/uploads\/2023\/01\/social-media-g2ec90f9f4_640.png\" alt=\"\" class=\"wp-image-970\" srcset=\"https:\/\/aqtilog.fr\/wp-content\/uploads\/2023\/01\/social-media-g2ec90f9f4_640.png 640w, https:\/\/aqtilog.fr\/wp-content\/uploads\/2023\/01\/social-media-g2ec90f9f4_640-300x300.png 300w, https:\/\/aqtilog.fr\/wp-content\/uploads\/2023\/01\/social-media-g2ec90f9f4_640-150x150.png 150w\" sizes=\"auto, (max-width: 640px) 100vw, 640px\" \/><\/figure>\n<\/div>\n<\/div>\n\n\n\n<div style=\"height:34px\" aria-hidden=\"true\" class=\"wp-block-spacer\"><\/div>\n\n\n\n<div class=\"wp-block-columns image_radius7 tuile padlr50 has-background is-layout-flex wp-container-core-columns-is-layout-9d6595d7 wp-block-columns-is-layout-flex\" style=\"background:linear-gradient(135deg,rgb(3,75,130) 0%,rgb(40,154,252) 100%)\">\n<div class=\"wp-block-column is-layout-flow wp-block-column-is-layout-flow\" style=\"flex-basis:10%\"><\/div>\n\n\n\n<div class=\"wp-block-column has-background is-layout-flow wp-block-column-is-layout-flow\" style=\"background-color:#00000000\">\n<div style=\"height:23px\" aria-hidden=\"true\" class=\"wp-block-spacer\"><\/div>\n\n\n\n<h3 class=\"has-text-align-center has-nv-site-bg-color has-text-color wp-block-heading\">T\u00e9l\u00e9charger la plaquette Paie \/ RH<\/h3>\n\n\n<div class='fluentform ff-default fluentform_wrapper_6  ff_guten_block ff_guten_block-6 ffs_default_wrap'><form data-form_id=\"6\" id=\"fluentform_6\" class=\"frm-fluent-form fluent_form_6 ff-el-form-top ff_form_instance_6_1 ff-form-loading ffs_default\" data-form_instance=\"ff_form_instance_6_1\" method=\"POST\" ><fieldset  style=\"border: none!important;margin: 0!important;padding: 0!important;background-color: transparent!important;box-shadow: none!important;outline: none!important; min-inline-size: 100%;\">\n                    <legend class=\"ff_screen_reader_title\" style=\"display: block; margin: 0!important;padding: 0!important;height: 0!important;text-indent: -999999px;width: 0!important;overflow:hidden;\">Plaquette Sage Paie<\/legend><input type='hidden' name='__fluent_form_embded_post_id' value='949' \/><input type=\"hidden\" id=\"_fluentform_6_fluentformnonce\" name=\"_fluentform_6_fluentformnonce\" value=\"0bc65e336f\" \/><input type=\"hidden\" name=\"_wp_http_referer\" value=\"\/index.php\/wp-json\/wp\/v2\/pages\/949\" \/><div data-name=\"ff_cn_id_1\"  class='ff-t-container ff-column-container ff_columns_total_1 '><div class='ff-t-cell ff-t-column-1' style='flex-basis: 100%;'><div class='ff-el-group'><div class='ff-el-input--content'><input type=\"text\" name=\"input_text\" class=\"ff-el-form-control\" placeholder=\"Vos nom, pr\u00e9nom\" data-name=\"input_text\" id=\"ff_6_input_text\"  aria-invalid=\"false\" aria-required=true><\/div><\/div><div class='ff-el-group'><div class='ff-el-input--content'><input type=\"text\" name=\"input_text_1\" class=\"ff-el-form-control\" placeholder=\"Votre soci\u00e9t\u00e9\" data-name=\"input_text_1\" id=\"ff_6_input_text_1\"  aria-invalid=\"false\" aria-required=true><\/div><\/div><div class='ff-el-group ff-el-form-hide_label'><div class=\"ff-el-input--label ff-el-is-required asterisk-right\"><label for='ff_6_email' id='label_ff_6_email' aria-label=\"T\u00e9l\u00e9charger la plaquette Sage 100 Comptabilit\u00e9\">T\u00e9l\u00e9charger la plaquette Sage 100 Comptabilit\u00e9<\/label><\/div><div class='ff-el-input--content'><input type=\"email\" name=\"email\" id=\"ff_6_email\" class=\"ff-el-form-control\" placeholder=\"Votre email\" data-name=\"email\"  aria-invalid=\"false\" aria-required=true><\/div><\/div><\/div><\/div><div class='ff-el-group ff-text-center ff_submit_btn_wrapper'><button type=\"submit\" class=\"ff-btn ff-btn-submit ff-btn-md ff_btn_style\"  aria-label=\"Afficher le lien de t\u00e9l\u00e9chargement\">Afficher le lien de t\u00e9l\u00e9chargement<\/button><\/div><\/fieldset><\/form><div id='fluentform_6_errors' class='ff-errors-in-stack ff_form_instance_6_1 ff-form-loading_errors ff_form_instance_6_1_errors'><\/div><\/div>            <script type=\"text\/javascript\">\n                window.fluent_form_ff_form_instance_6_1 = {\"id\":\"6\",\"ajaxUrl\":\"https:\\\/\\\/aqtilog.fr\\\/wp-admin\\\/admin-ajax.php\",\"settings\":{\"layout\":{\"labelPlacement\":\"top\",\"helpMessagePlacement\":\"with_label\",\"errorMessagePlacement\":\"inline\",\"cssClassName\":\"\",\"asteriskPlacement\":\"asterisk-right\"},\"restrictions\":{\"denyEmptySubmission\":{\"enabled\":false}}},\"form_instance\":\"ff_form_instance_6_1\",\"form_id_selector\":\"fluentform_6\",\"rules\":{\"input_text\":{\"required\":{\"value\":true,\"message\":\"Merci de pr\\u00e9ciser vos nom et pr\\u00e9nom\"}},\"input_text_1\":{\"required\":{\"value\":true,\"message\":\"Merci de pr\\u00e9ciser votre soci\\u00e9t\\u00e9\"}},\"email\":{\"required\":{\"value\":true,\"message\":\"Ce champ est obligatoire\"},\"email\":{\"value\":true,\"message\":\"Ce champ doit contenir un e-mail valide\"}}},\"debounce_time\":300};\n                            <\/script>\n            <\/div>\n\n\n\n<div class=\"wp-block-column is-layout-flow wp-block-column-is-layout-flow\" style=\"flex-basis:10%\"><\/div>\n<\/div>\n\n\n\n<p class=\"has-medium-font-size\"><strong>Les plus de la d\u00e9mat\u00e9rialisation avec votre partenaire Aqtilog<\/strong><\/p>\n\n\n\n<div class=\"wp-block-columns is-layout-flex wp-container-core-columns-is-layout-9d6595d7 wp-block-columns-is-layout-flex\">\n<div class=\"wp-block-column tuile_just img_radius7 is-layout-flow wp-block-column-is-layout-flow\"><div class=\"wp-block-image\">\n<figure class=\"aligncenter size-full\"><img loading=\"lazy\" decoding=\"async\" width=\"48\" height=\"48\" src=\"https:\/\/aqtilog.fr\/wp-content\/uploads\/2022\/10\/one.png\" alt=\"\" class=\"wp-image-578\"\/><\/figure>\n<\/div>\n\n\n<p><strong><a href=\"https:\/\/aqtilog.fr\/index.php\/projets\/\">Une solution adapt\u00e9e \u00e0 vos besoins<\/a><\/strong><br>Notre \u00e9quipe vous accompagnera tout au long de votre projet.<\/p>\n<\/div>\n\n\n\n<div class=\"wp-block-column tuile_just img_radius7 is-layout-flow wp-block-column-is-layout-flow\"><div class=\"wp-block-image\">\n<figure class=\"aligncenter size-full\"><img loading=\"lazy\" decoding=\"async\" width=\"48\" height=\"48\" src=\"https:\/\/aqtilog.fr\/wp-content\/uploads\/2022\/10\/formation.png\" alt=\"\" class=\"wp-image-580\"\/><\/figure>\n<\/div>\n\n\n<p><strong><a href=\"https:\/\/aqtilog.fr\/index.php\/formation\/\">Formation<\/a><\/strong><br>Aqtilog, accr\u00e9dit\u00e9 Qualiopi, apportera \u00e0 vos \u00e9quipe une formation de qualit\u00e9 personnalis\u00e9e<\/p>\n<\/div>\n\n\n\n<div class=\"wp-block-column tuile_just img_radius7 is-layout-flow wp-block-column-is-layout-flow\"><div class=\"wp-block-image\">\n<figure class=\"aligncenter size-full\"><img loading=\"lazy\" decoding=\"async\" width=\"48\" height=\"48\" src=\"https:\/\/aqtilog.fr\/wp-content\/uploads\/2022\/10\/casque.png\" alt=\"\" class=\"wp-image-581\"\/><\/figure>\n<\/div>\n\n\n<p><strong><a href=\"https:\/\/aqtilog.fr\/index.php\/hotline\/\">Hotline<\/a><\/strong><br>Un service Hotline \u00e0 vos c\u00f4t\u00e9s au quotidien.<\/p>\n<\/div>\n<\/div>\n\n\n\n<p class=\"has-medium-font-size\">Pour aller plus loin<\/p>\n\n\n\n<div class=\"wp-block-columns is-layout-flex wp-container-core-columns-is-layout-9d6595d7 wp-block-columns-is-layout-flex\">\n<div class=\"wp-block-column tuile_just img_radius7 is-layout-flow wp-block-column-is-layout-flow\">\n<p><strong><mark style=\"background-color:rgba(0, 0, 0, 0)\" class=\"has-inline-color has-neve-link-color-color\">Boostez votre business avec un logiciel de paie<\/mark><\/strong><br><br><\/p>\n\n\n\n<p>La gestion de la paie est essentielle pour la productivit\u00e9, la r\u00e9putation et le succ\u00e8s d&rsquo;une entreprise &#8211; quelle que soit sa taille. Les logiciels de paie de Sage vous aident \u00e0 respecter la conformit\u00e9 l\u00e9gale et \u00e0 garantir que vos employ\u00e9s sont pay\u00e9s avec pr\u00e9cision, \u00e0 temps et en totalit\u00e9, et \u00e0 optimiser la performance de votre entreprise.<\/p>\n<\/div>\n\n\n\n<div class=\"wp-block-column tuile_just img_radius7 is-layout-flow wp-block-column-is-layout-flow\">\n<p><strong><mark style=\"background-color:rgba(0, 0, 0, 0)\" class=\"has-inline-color has-neve-link-color-color\">Les logiciels de paie s&rsquo;adaptent \u00e0 vos besoins<\/mark><\/strong><br><br>Les entreprises, les TPE, les PME ou les ETI sont toutes diff\u00e9rentes. Et elles ont toutes des besoins diff\u00e9rents. Sage le comprend et c&rsquo;est pourquoi nous proposons plusieurs logiciels de fiche de paie, tous adapt\u00e9s \u00e0 vos besoins. Avec Sage, vous avez le choix entre trois approches &#8211; l&rsquo;internalisation, l&rsquo;accompagnement ou l&rsquo;externalisation.<\/p>\n<\/div>\n\n\n\n<div class=\"wp-block-column tuile_just img_radius7 is-layout-flow wp-block-column-is-layout-flow\">\n<p><strong><mark style=\"background-color:rgba(0, 0, 0, 0)\" class=\"has-inline-color has-neve-link-color-color\">Accompagnement tout au long du processus de paie<\/mark><\/strong><br><br>Si vous souhaitez \u00eatre accompagn\u00e9 tout au long du processus de paie, un logiciel de gestion de paie avec un fort niveau d\u2019accompagnement m\u00e9tier peut vous convenir. La solution pour les petites et moyennes structures qui souhaitent conserver la production de la paie avec la garantie de la conformit\u00e9 du processus.<\/p>\n<\/div>\n<\/div>\n\n\n\n<div class=\"wp-block-cover alignfull is-light\" style=\"min-height:88px;aspect-ratio:unset;\"><span aria-hidden=\"true\" class=\"wp-block-cover__background has-background-dim-100 has-background-dim has-background-gradient has-pale-ocean-gradient-background\"><\/span><div class=\"wp-block-cover__inner-container is-layout-flow wp-block-cover-is-layout-flow\">\n<div style=\"height:22px\" aria-hidden=\"true\" class=\"wp-block-spacer\"><\/div>\n\n\n\n<h3 class=\"has-text-align-center wp-block-heading\">Contactez-nous : <a href=\"https:\/\/aqtilog.fr\/index.php\/15c42-web-agency-gb-contact-us\/\">formulaire de contact<\/a><\/h3>\n<\/div><\/div>\n\n\n\n<div style=\"height:14px\" aria-hidden=\"true\" class=\"wp-block-spacer\"><\/div>\n","protected":false},"excerpt":{"rendered":"<p>Qu\u2019est-ce qu\u2019un logiciel de paie&nbsp;? Un logiciel de paie est une solution qui aide les entreprises \u00e0 g\u00e9rer, maintenir et automatiser le paiement des salaires aux employ\u00e9s. D\u00e9mat\u00e9rialisez, simplifiez et automatisez les processus administratifs et comptables li\u00e9s \u00e0 la paie.Gr\u00e2ce aux automatismes, \u00e9vitez les ressaisies et les erreurs pour une paie juste, conforme et en&hellip;&nbsp;<a href=\"https:\/\/aqtilog.fr\/index.php\/paie-rh\/\" class=\"\" rel=\"bookmark\">Lire la suite &raquo;<span class=\"screen-reader-text\">Paie RH<\/span><\/a><\/p>\n","protected":false},"author":3,"featured_media":0,"parent":0,"menu_order":0,"comment_status":"closed","ping_status":"closed","template":"","meta":{"neve_meta_sidebar":"","neve_meta_container":"","neve_meta_enable_content_width":"","neve_meta_content_width":0,"neve_meta_title_alignment":"","neve_meta_author_avatar":"","neve_post_elements_order":"","neve_meta_disable_header":"","neve_meta_disable_footer":"","neve_meta_disable_title":"off","footnotes":""},"class_list":["post-949","page","type-page","status-publish","hentry"],"_links":{"self":[{"href":"https:\/\/aqtilog.fr\/index.php\/wp-json\/wp\/v2\/pages\/949","targetHints":{"allow":["GET"]}}],"collection":[{"href":"https:\/\/aqtilog.fr\/index.php\/wp-json\/wp\/v2\/pages"}],"about":[{"href":"https:\/\/aqtilog.fr\/index.php\/wp-json\/wp\/v2\/types\/page"}],"author":[{"embeddable":true,"href":"https:\/\/aqtilog.fr\/index.php\/wp-json\/wp\/v2\/users\/3"}],"replies":[{"embeddable":true,"href":"https:\/\/aqtilog.fr\/index.php\/wp-json\/wp\/v2\/comments?post=949"}],"version-history":[{"count":12,"href":"https:\/\/aqtilog.fr\/index.php\/wp-json\/wp\/v2\/pages\/949\/revisions"}],"predecessor-version":[{"id":1509,"href":"https:\/\/aqtilog.fr\/index.php\/wp-json\/wp\/v2\/pages\/949\/revisions\/1509"}],"wp:attachment":[{"href":"https:\/\/aqtilog.fr\/index.php\/wp-json\/wp\/v2\/media?parent=949"}],"curies":[{"name":"wp","href":"https:\/\/api.w.org\/{rel}","templated":true}]}}