{"id":894,"date":"2023-01-23T16:41:03","date_gmt":"2023-01-23T15:41:03","guid":{"rendered":"http:\/\/aqtilog.fr\/?page_id=894"},"modified":"2023-03-29T11:22:03","modified_gmt":"2023-03-29T09:22:03","slug":"lucca","status":"publish","type":"page","link":"https:\/\/aqtilog.fr\/index.php\/lucca\/","title":{"rendered":"Lucca"},"content":{"rendered":"\n<div style=\"height:22px\" aria-hidden=\"true\" class=\"wp-block-spacer\"><\/div>\n\n\n\n<div class=\"wp-block-columns image_radius7 tuile has-background is-layout-flex wp-container-core-columns-is-layout-9d6595d7 wp-block-columns-is-layout-flex\" style=\"background:linear-gradient(135deg,rgb(3,75,130) 0%,rgb(40,154,252) 100%)\">\n<div class=\"wp-block-column is-layout-flow wp-block-column-is-layout-flow\" style=\"flex-basis:100%\">\n<div class=\"wp-block-columns is-layout-flex wp-container-core-columns-is-layout-9d6595d7 wp-block-columns-is-layout-flex\">\n<div class=\"wp-block-column is-layout-flow wp-block-column-is-layout-flow\" style=\"flex-basis:100%\">\n<h3 class=\"has-text-align-left has-nv-site-bg-color has-text-color wp-block-heading\">Une gestion RH plus efficace pour une entreprise plus performante<\/h3>\n\n\n\n<p class=\"has-text-align-left has-nv-site-bg-color has-text-color\">Lucca d\u00e9veloppe des logiciels RH qui simplifient la vie des collaborateurs, de leurs managers et des responsables RH. Nous aidons les entreprises \u00e0 devenir plus performantes en am\u00e9liorant l&rsquo;efficacit\u00e9 et l&rsquo;engagement des collaborateurs.<\/p>\n<\/div>\n<\/div>\n<\/div>\n<\/div>\n\n\n\n<p><strong>Fonctionnalit\u00e9s principales de Lucca :<\/strong><\/p>\n\n\n\n<p><\/p>\n\n\n\n<div class=\"wp-block-columns is-layout-flex wp-container-core-columns-is-layout-9d6595d7 wp-block-columns-is-layout-flex\">\n<div class=\"wp-block-column is-layout-flow wp-block-column-is-layout-flow\" style=\"flex-basis:40%\">\n<p class=\"has-black-color has-text-color\"><i class=\"fas fa-square-check\"><\/i> Suivi des cong\u00e9s et arr\u00eats<br><i class=\"fas fa-square-check\"><\/i> D\u00e9claration des temps de travail<br><i class=\"fas fa-square-check\"><\/i> T\u00e9l\u00e9travail et flex office <br><i class=\"fas fa-square-check\"><\/i> Pilotage de la performance financi\u00e8re <br><i class=\"fas fa-square-check\"><\/i> Gestion des donn\u00e9es RH <br><i class=\"fas fa-square-check\"><\/i> Saisie des d\u00e9penses collaborateurs <br><i class=\"fas fa-square-check\"><\/i> Engagement de d\u00e9penses <br><i class=\"fas fa-square-check\"><\/i> Suivi de la masse salariale <br><i class=\"fas fa-square-check\"><\/i> Distribution d\u00e9mat\u00e9rialis\u00e9e <br><br><\/p>\n\n\n\n<p><\/p>\n<\/div>\n\n\n\n<div class=\"wp-block-column is-layout-flow wp-block-column-is-layout-flow\" style=\"flex-basis:60%\">\n<figure class=\"wp-block-image size-full\"><img loading=\"lazy\" decoding=\"async\" width=\"709\" height=\"765\" src=\"https:\/\/aqtilog.fr\/wp-content\/uploads\/2023\/01\/illu-header-home.png\" alt=\"\" class=\"wp-image-930\" srcset=\"https:\/\/aqtilog.fr\/wp-content\/uploads\/2023\/01\/illu-header-home.png 709w, https:\/\/aqtilog.fr\/wp-content\/uploads\/2023\/01\/illu-header-home-278x300.png 278w\" sizes=\"auto, (max-width: 709px) 100vw, 709px\" \/><\/figure>\n<\/div>\n<\/div>\n\n\n\n<div style=\"height:34px\" aria-hidden=\"true\" class=\"wp-block-spacer\"><\/div>\n\n\n\n<div class=\"wp-block-columns image_radius7 tuile padlr50 has-background is-layout-flex wp-container-core-columns-is-layout-9d6595d7 wp-block-columns-is-layout-flex\" style=\"background:linear-gradient(135deg,rgb(3,75,130) 0%,rgb(40,154,252) 100%)\">\n<div class=\"wp-block-column is-layout-flow wp-block-column-is-layout-flow\" style=\"flex-basis:10%\"><\/div>\n\n\n\n<div class=\"wp-block-column has-background is-layout-flow wp-block-column-is-layout-flow\" style=\"background-color:#00000000\">\n<div style=\"height:23px\" aria-hidden=\"true\" class=\"wp-block-spacer\"><\/div>\n\n\n\n<h3 class=\"has-text-align-center has-nv-site-bg-color has-text-color wp-block-heading\">T\u00e9l\u00e9charger la plaquette Lucca<\/h3>\n\n\n<div class='fluentform ff-default fluentform_wrapper_8  ff_guten_block ff_guten_block-8 ffs_default_wrap'><form data-form_id=\"8\" id=\"fluentform_8\" class=\"frm-fluent-form fluent_form_8 ff-el-form-top ff_form_instance_8_1 ff-form-loading ffs_default\" data-form_instance=\"ff_form_instance_8_1\" method=\"POST\" ><fieldset  style=\"border: none!important;margin: 0!important;padding: 0!important;background-color: transparent!important;box-shadow: none!important;outline: none!important; min-inline-size: 100%;\">\n                    <legend class=\"ff_screen_reader_title\" style=\"display: block; margin: 0!important;padding: 0!important;height: 0!important;text-indent: -999999px;width: 0!important;overflow:hidden;\">Plaquette Lucca<\/legend><input type='hidden' name='__fluent_form_embded_post_id' value='894' \/><input type=\"hidden\" id=\"_fluentform_8_fluentformnonce\" name=\"_fluentform_8_fluentformnonce\" value=\"e0bbda54b3\" \/><input type=\"hidden\" name=\"_wp_http_referer\" value=\"\/index.php\/wp-json\/wp\/v2\/pages\/894\" \/><div data-name=\"ff_cn_id_1\"  class='ff-t-container ff-column-container ff_columns_total_1 '><div class='ff-t-cell ff-t-column-1' style='flex-basis: 100%;'><div class='ff-el-group'><div class='ff-el-input--content'><input type=\"text\" name=\"input_text\" class=\"ff-el-form-control\" placeholder=\"Vos nom, pr\u00e9nom\" data-name=\"input_text\" id=\"ff_8_input_text\"  aria-invalid=\"false\" aria-required=true><\/div><\/div><div class='ff-el-group'><div class='ff-el-input--content'><input type=\"text\" name=\"input_text_1\" class=\"ff-el-form-control\" placeholder=\"Votre soci\u00e9t\u00e9\" data-name=\"input_text_1\" id=\"ff_8_input_text_1\"  aria-invalid=\"false\" aria-required=true><\/div><\/div><div class='ff-el-group ff-el-form-hide_label'><div class=\"ff-el-input--label ff-el-is-required asterisk-right\"><label for='ff_8_email' id='label_ff_8_email' aria-label=\"T\u00e9l\u00e9charger la plaquette Sage 100 Comptabilit\u00e9\">T\u00e9l\u00e9charger la plaquette Sage 100 Comptabilit\u00e9<\/label><\/div><div class='ff-el-input--content'><input type=\"email\" name=\"email\" id=\"ff_8_email\" class=\"ff-el-form-control\" placeholder=\"Votre email\" data-name=\"email\"  aria-invalid=\"false\" aria-required=true><\/div><\/div><\/div><\/div><div class='ff-el-group ff-text-center ff_submit_btn_wrapper'><button type=\"submit\" class=\"ff-btn ff-btn-submit ff-btn-md ff_btn_style\"  aria-label=\"Afficher le lien de t\u00e9l\u00e9chargement\">Afficher le lien de t\u00e9l\u00e9chargement<\/button><\/div><\/fieldset><\/form><div id='fluentform_8_errors' class='ff-errors-in-stack ff_form_instance_8_1 ff-form-loading_errors ff_form_instance_8_1_errors'><\/div><\/div>            <script type=\"text\/javascript\">\n                window.fluent_form_ff_form_instance_8_1 = {\"id\":\"8\",\"ajaxUrl\":\"https:\\\/\\\/aqtilog.fr\\\/wp-admin\\\/admin-ajax.php\",\"settings\":{\"layout\":{\"labelPlacement\":\"top\",\"helpMessagePlacement\":\"with_label\",\"errorMessagePlacement\":\"inline\",\"cssClassName\":\"\",\"asteriskPlacement\":\"asterisk-right\"},\"restrictions\":{\"denyEmptySubmission\":{\"enabled\":false}}},\"form_instance\":\"ff_form_instance_8_1\",\"form_id_selector\":\"fluentform_8\",\"rules\":{\"input_text\":{\"required\":{\"value\":true,\"message\":\"Merci de pr\\u00e9ciser vos nom et pr\\u00e9nom\"}},\"input_text_1\":{\"required\":{\"value\":true,\"message\":\"Merci de pr\\u00e9ciser votre soci\\u00e9t\\u00e9\"}},\"email\":{\"required\":{\"value\":true,\"message\":\"Ce champ est obligatoire\"},\"email\":{\"value\":true,\"message\":\"Ce champ doit contenir un e-mail valide\"}}},\"debounce_time\":300};\n                            <\/script>\n            <\/div>\n\n\n\n<div class=\"wp-block-column is-layout-flow wp-block-column-is-layout-flow\" style=\"flex-basis:10%\"><\/div>\n<\/div>\n\n\n\n<p class=\"has-medium-font-size\"><strong>Les plus de Lucca avec votre partenaire Aqtilog<\/strong><\/p>\n\n\n\n<div class=\"wp-block-columns is-layout-flex wp-container-core-columns-is-layout-9d6595d7 wp-block-columns-is-layout-flex\">\n<div class=\"wp-block-column tuile_just img_radius7 is-layout-flow wp-block-column-is-layout-flow\"><div class=\"wp-block-image\">\n<figure class=\"aligncenter size-full\"><img loading=\"lazy\" decoding=\"async\" width=\"48\" height=\"48\" src=\"https:\/\/aqtilog.fr\/wp-content\/uploads\/2022\/10\/one.png\" alt=\"\" class=\"wp-image-578\"\/><\/figure>\n<\/div>\n\n\n<p><a href=\"https:\/\/aqtilog.fr\/index.php\/projets\/\"><strong>Une solution adapt\u00e9e \u00e0 vos besoins<\/strong><\/a><br>Notre \u00e9quipe vous accompagnera tout au long de votre projet.<\/p>\n<\/div>\n\n\n\n<div class=\"wp-block-column tuile_just img_radius7 is-layout-flow wp-block-column-is-layout-flow\"><div class=\"wp-block-image\">\n<figure class=\"aligncenter size-full\"><img loading=\"lazy\" decoding=\"async\" width=\"48\" height=\"48\" src=\"https:\/\/aqtilog.fr\/wp-content\/uploads\/2022\/10\/formation.png\" alt=\"\" class=\"wp-image-580\"\/><\/figure>\n<\/div>\n\n\n<p><strong><a href=\"https:\/\/aqtilog.fr\/index.php\/formation\/\">Formation<\/a><\/strong><br>Aqtilog, accr\u00e9dit\u00e9 Qualiopi, apportera \u00e0 vos \u00e9quipe une formation de qualit\u00e9 personnalis\u00e9e<\/p>\n<\/div>\n\n\n\n<div class=\"wp-block-column tuile_just img_radius7 is-layout-flow wp-block-column-is-layout-flow\"><div class=\"wp-block-image\">\n<figure class=\"aligncenter size-full\"><img loading=\"lazy\" decoding=\"async\" width=\"48\" height=\"48\" src=\"https:\/\/aqtilog.fr\/wp-content\/uploads\/2022\/10\/casque.png\" alt=\"\" class=\"wp-image-581\"\/><\/figure>\n<\/div>\n\n\n<p><strong><a href=\"https:\/\/aqtilog.fr\/index.php\/hotline\/\">Hotline<\/a><\/strong><br>Un service Hotline \u00e0 vos c\u00f4t\u00e9s au quotidien.<\/p>\n<\/div>\n<\/div>\n\n\n\n<p class=\"has-medium-font-size\">Pour aller plus loin<\/p>\n\n\n\n<div class=\"wp-block-columns is-layout-flex wp-container-core-columns-is-layout-9d6595d7 wp-block-columns-is-layout-flex\">\n<div class=\"wp-block-column tuile_just img_radius7 is-layout-flow wp-block-column-is-layout-flow\">\n<p><strong><mark style=\"background-color:rgba(0, 0, 0, 0)\" class=\"has-inline-color has-neve-link-color-color\">Des logiciels diff\u00e9rents<\/mark><\/strong><br><br>Notre objectif est de vous faire gagner en productivit\u00e9 tout en vous offrant une exp\u00e9rience utilisateur simple, efficace et conviviale.<\/p>\n<\/div>\n\n\n\n<div class=\"wp-block-column tuile_just img_radius7 is-layout-flow wp-block-column-is-layout-flow\">\n<p><strong><mark style=\"background-color:rgba(0, 0, 0, 0)\" class=\"has-inline-color has-neve-link-color-color\">Des logiciels pour les utilisateurs<\/mark><\/strong><br><br>Lors de la conception des logiciels, l&rsquo;utilisateur final est au centre de nos attention, c&rsquo;est celui qui utilisera nos logiciels devant son \u00e9cran. Ces logiciels ont pour objectif de lui simplifier la vie.<\/p>\n<\/div>\n\n\n\n<div class=\"wp-block-column tuile_just img_radius7 is-layout-flow wp-block-column-is-layout-flow\">\n<p><strong><mark style=\"background-color:rgba(0, 0, 0, 0)\" class=\"has-inline-color has-neve-link-color-color\">Des logiciels simples pour des besoins pr\u00e9cis<\/mark><\/strong><br><br>Pour d\u00e9cider si une nouvelle fonctionnalit\u00e9 sera retenue, la r\u00e8gle d\u00e9finie reste : quel est l\u2019int\u00e9r\u00eat de l\u2019utilisateur final ?&nbsp;<\/p>\n<\/div>\n<\/div>\n\n\n\n<div class=\"wp-block-cover alignfull is-light\" style=\"min-height:88px;aspect-ratio:unset;\"><span aria-hidden=\"true\" class=\"wp-block-cover__background has-background-dim-100 has-background-dim has-background-gradient has-pale-ocean-gradient-background\"><\/span><div class=\"wp-block-cover__inner-container is-layout-flow wp-block-cover-is-layout-flow\">\n<div style=\"height:22px\" aria-hidden=\"true\" class=\"wp-block-spacer\"><\/div>\n\n\n\n<h3 class=\"has-text-align-center wp-block-heading\">Contactez-nous : <a href=\"https:\/\/aqtilog.fr\/index.php\/15c42-web-agency-gb-contact-us\/\">formulaire de contact<\/a><\/h3>\n<\/div><\/div>\n\n\n\n<div style=\"height:14px\" aria-hidden=\"true\" class=\"wp-block-spacer\"><\/div>\n","protected":false},"excerpt":{"rendered":"<p>Une gestion RH plus efficace pour une entreprise plus performante Lucca d\u00e9veloppe des logiciels RH qui simplifient la vie des collaborateurs, de leurs managers et des responsables RH. Nous aidons les entreprises \u00e0 devenir plus performantes en am\u00e9liorant l&rsquo;efficacit\u00e9 et l&rsquo;engagement des collaborateurs. Fonctionnalit\u00e9s principales de Lucca : Suivi des cong\u00e9s et arr\u00eats D\u00e9claration des&hellip;&nbsp;<a href=\"https:\/\/aqtilog.fr\/index.php\/lucca\/\" class=\"\" rel=\"bookmark\">Lire la suite &raquo;<span class=\"screen-reader-text\">Lucca<\/span><\/a><\/p>\n","protected":false},"author":3,"featured_media":0,"parent":0,"menu_order":0,"comment_status":"closed","ping_status":"closed","template":"","meta":{"neve_meta_sidebar":"","neve_meta_container":"","neve_meta_enable_content_width":"","neve_meta_content_width":0,"neve_meta_title_alignment":"","neve_meta_author_avatar":"","neve_post_elements_order":"","neve_meta_disable_header":"","neve_meta_disable_footer":"","neve_meta_disable_title":"","footnotes":""},"class_list":["post-894","page","type-page","status-publish","hentry"],"_links":{"self":[{"href":"https:\/\/aqtilog.fr\/index.php\/wp-json\/wp\/v2\/pages\/894","targetHints":{"allow":["GET"]}}],"collection":[{"href":"https:\/\/aqtilog.fr\/index.php\/wp-json\/wp\/v2\/pages"}],"about":[{"href":"https:\/\/aqtilog.fr\/index.php\/wp-json\/wp\/v2\/types\/page"}],"author":[{"embeddable":true,"href":"https:\/\/aqtilog.fr\/index.php\/wp-json\/wp\/v2\/users\/3"}],"replies":[{"embeddable":true,"href":"https:\/\/aqtilog.fr\/index.php\/wp-json\/wp\/v2\/comments?post=894"}],"version-history":[{"count":9,"href":"https:\/\/aqtilog.fr\/index.php\/wp-json\/wp\/v2\/pages\/894\/revisions"}],"predecessor-version":[{"id":1503,"href":"https:\/\/aqtilog.fr\/index.php\/wp-json\/wp\/v2\/pages\/894\/revisions\/1503"}],"wp:attachment":[{"href":"https:\/\/aqtilog.fr\/index.php\/wp-json\/wp\/v2\/media?parent=894"}],"curies":[{"name":"wp","href":"https:\/\/api.w.org\/{rel}","templated":true}]}}