{"id":892,"date":"2023-01-23T16:40:47","date_gmt":"2023-01-23T15:40:47","guid":{"rendered":"http:\/\/aqtilog.fr\/?page_id=892"},"modified":"2023-03-29T11:22:48","modified_gmt":"2023-03-29T09:22:48","slug":"sage-batigest","status":"publish","type":"page","link":"https:\/\/aqtilog.fr\/index.php\/sage-batigest\/","title":{"rendered":"Sage Batigest"},"content":{"rendered":"\n<div style=\"height:22px\" aria-hidden=\"true\" class=\"wp-block-spacer\"><\/div>\n\n\n\n<div class=\"wp-block-columns image_radius7 tuile has-background is-layout-flex wp-container-core-columns-is-layout-9d6595d7 wp-block-columns-is-layout-flex\" style=\"background:linear-gradient(135deg,rgb(3,75,130) 0%,rgb(40,154,252) 100%)\">\n<div class=\"wp-block-column is-layout-flow wp-block-column-is-layout-flow\" style=\"flex-basis:100%\">\n<div class=\"wp-block-columns is-layout-flex wp-container-core-columns-is-layout-9d6595d7 wp-block-columns-is-layout-flex\">\n<div class=\"wp-block-column is-layout-flow wp-block-column-is-layout-flow\" style=\"flex-basis:100%\">\n<h3 class=\"has-text-align-left has-nv-site-bg-color has-text-color wp-block-heading\">Sage 100 Batigest<\/h3>\n\n\n\n<p class=\"has-text-align-left has-nv-site-bg-color has-text-color\">G\u00e9rez simplement votre activit\u00e9 b\u00e2timent : du devis au suivi de chantier<br>Optimisez votre gestion commerciale BTP avec Sage Batigest Connect, l\u2019\u00e9volution de Sage Batigest i7.<br>Prenez de meilleures d\u00e9cisions et boostez votre activit\u00e9 gr\u00e2ce \u00e0 une solution mobile, intuitive et d\u00e9di\u00e9e aux entrepreneurs et artisans du b\u00e2timent.<\/p>\n<\/div>\n<\/div>\n<\/div>\n<\/div>\n\n\n\n<p><strong>Fonctionnalit\u00e9s principales de Sage 100 Comptabilit\u00e9 \/ Finances :<\/strong><\/p>\n\n\n\n<p><\/p>\n\n\n\n<div class=\"wp-block-columns is-layout-flex wp-container-core-columns-is-layout-9d6595d7 wp-block-columns-is-layout-flex\">\n<div class=\"wp-block-column is-layout-flow wp-block-column-is-layout-flow\" style=\"flex-basis:40%\">\n<p class=\"has-black-color has-text-color\"><i class=\"fas fa-square-check\"><\/i> Conformit\u00e9 l\u00e9gale <br><i class=\"fas fa-square-check\"><\/i> Maitrise des d\u00e9bours\u00e9s&nbsp; <br><i class=\"fas fa-square-check\"><\/i> Reporting avec Sage B.I <br><i class=\"fas fa-square-check\"><\/i> Module mobile Alobees <br><i class=\"fas fa-square-check\"><\/i> Tarifs \u00e0 jour<br><i class=\"fas fa-square-check\"><\/i> Analyse en temps r\u00e9el<br><br><\/p>\n\n\n\n<p><\/p>\n<\/div>\n\n\n\n<div class=\"wp-block-column is-layout-flow wp-block-column-is-layout-flow\" style=\"flex-basis:60%\">\n<figure class=\"wp-block-image size-full\"><img loading=\"lazy\" decoding=\"async\" width=\"640\" height=\"426\" src=\"https:\/\/aqtilog.fr\/wp-content\/uploads\/2023\/01\/paper-g1e34157b8_640.jpg\" alt=\"\" class=\"wp-image-927\" srcset=\"https:\/\/aqtilog.fr\/wp-content\/uploads\/2023\/01\/paper-g1e34157b8_640.jpg 640w, https:\/\/aqtilog.fr\/wp-content\/uploads\/2023\/01\/paper-g1e34157b8_640-300x200.jpg 300w\" sizes=\"auto, (max-width: 640px) 100vw, 640px\" \/><\/figure>\n<\/div>\n<\/div>\n\n\n\n<div style=\"height:34px\" aria-hidden=\"true\" class=\"wp-block-spacer\"><\/div>\n\n\n\n<div class=\"wp-block-columns image_radius7 tuile padlr50 has-background is-layout-flex wp-container-core-columns-is-layout-9d6595d7 wp-block-columns-is-layout-flex\" style=\"background:linear-gradient(135deg,rgb(3,75,130) 0%,rgb(40,154,252) 100%)\">\n<div class=\"wp-block-column is-layout-flow wp-block-column-is-layout-flow\" style=\"flex-basis:10%\"><\/div>\n\n\n\n<div class=\"wp-block-column has-background is-layout-flow wp-block-column-is-layout-flow\" style=\"background-color:#00000000\">\n<div style=\"height:23px\" aria-hidden=\"true\" class=\"wp-block-spacer\"><\/div>\n\n\n\n<h3 class=\"has-text-align-center has-nv-site-bg-color has-text-color wp-block-heading\">T\u00e9l\u00e9charger la plaquette Sage Batigest<\/h3>\n\n\n<div class='fluentform ff-default fluentform_wrapper_22  ff_guten_block ff_guten_block-22 ffs_default_wrap'><form data-form_id=\"22\" id=\"fluentform_22\" class=\"frm-fluent-form fluent_form_22 ff-el-form-top ff_form_instance_22_1 ff-form-loading ffs_default\" data-form_instance=\"ff_form_instance_22_1\" method=\"POST\" ><fieldset  style=\"border: none!important;margin: 0!important;padding: 0!important;background-color: transparent!important;box-shadow: none!important;outline: none!important; min-inline-size: 100%;\">\n                    <legend class=\"ff_screen_reader_title\" style=\"display: block; margin: 0!important;padding: 0!important;height: 0!important;text-indent: -999999px;width: 0!important;overflow:hidden;\">Plaquette Batigest<\/legend><input type='hidden' name='__fluent_form_embded_post_id' value='892' \/><input type=\"hidden\" id=\"_fluentform_22_fluentformnonce\" name=\"_fluentform_22_fluentformnonce\" value=\"aa066a5c34\" \/><input type=\"hidden\" name=\"_wp_http_referer\" value=\"\/index.php\/wp-json\/wp\/v2\/pages\/892\" \/><div data-name=\"ff_cn_id_1\"  class='ff-t-container ff-column-container ff_columns_total_1 '><div class='ff-t-cell ff-t-column-1' style='flex-basis: 100%;'><div class='ff-el-group'><div class='ff-el-input--content'><input type=\"text\" name=\"input_text\" class=\"ff-el-form-control\" placeholder=\"Vos nom, pr\u00e9nom\" data-name=\"input_text\" id=\"ff_22_input_text\"  aria-invalid=\"false\" aria-required=true><\/div><\/div><div class='ff-el-group'><div class='ff-el-input--content'><input type=\"text\" name=\"input_text_1\" class=\"ff-el-form-control\" placeholder=\"Votre soci\u00e9t\u00e9\" data-name=\"input_text_1\" id=\"ff_22_input_text_1\"  aria-invalid=\"false\" aria-required=true><\/div><\/div><div class='ff-el-group ff-el-form-hide_label'><div class=\"ff-el-input--label ff-el-is-required asterisk-right\"><label for='ff_22_email' id='label_ff_22_email' aria-label=\"T\u00e9l\u00e9charger la plaquette Sage 100 Comptabilit\u00e9\">T\u00e9l\u00e9charger la plaquette Sage 100 Comptabilit\u00e9<\/label><\/div><div class='ff-el-input--content'><input type=\"email\" name=\"email\" id=\"ff_22_email\" class=\"ff-el-form-control\" placeholder=\"Votre email\" data-name=\"email\"  aria-invalid=\"false\" aria-required=true><\/div><\/div><\/div><\/div><div class='ff-el-group ff-text-center ff_submit_btn_wrapper'><button type=\"submit\" class=\"ff-btn ff-btn-submit ff-btn-md ff_btn_style\"  aria-label=\"Afficher le lien de t\u00e9l\u00e9chargement\">Afficher le lien de t\u00e9l\u00e9chargement<\/button><\/div><\/fieldset><\/form><div id='fluentform_22_errors' class='ff-errors-in-stack ff_form_instance_22_1 ff-form-loading_errors ff_form_instance_22_1_errors'><\/div><\/div>            <script type=\"text\/javascript\">\n                window.fluent_form_ff_form_instance_22_1 = {\"id\":\"22\",\"ajaxUrl\":\"https:\\\/\\\/aqtilog.fr\\\/wp-admin\\\/admin-ajax.php\",\"settings\":{\"layout\":{\"labelPlacement\":\"top\",\"helpMessagePlacement\":\"with_label\",\"errorMessagePlacement\":\"inline\",\"cssClassName\":\"\",\"asteriskPlacement\":\"asterisk-right\"},\"restrictions\":{\"denyEmptySubmission\":{\"enabled\":false}}},\"form_instance\":\"ff_form_instance_22_1\",\"form_id_selector\":\"fluentform_22\",\"rules\":{\"input_text\":{\"required\":{\"value\":true,\"message\":\"Merci de pr\\u00e9ciser vos nom et pr\\u00e9nom\"}},\"input_text_1\":{\"required\":{\"value\":true,\"message\":\"Merci de pr\\u00e9ciser votre soci\\u00e9t\\u00e9\"}},\"email\":{\"required\":{\"value\":true,\"message\":\"Ce champ est obligatoire\"},\"email\":{\"value\":true,\"message\":\"Ce champ doit contenir un e-mail valide\"}}},\"debounce_time\":300};\n                            <\/script>\n            <\/div>\n\n\n\n<div class=\"wp-block-column is-layout-flow wp-block-column-is-layout-flow\" style=\"flex-basis:10%\"><\/div>\n<\/div>\n\n\n\n<p class=\"has-medium-font-size\"><strong>Les plus de Sage 100 avec votre partenaire Aqtilog<\/strong><\/p>\n\n\n\n<div class=\"wp-block-columns is-layout-flex wp-container-core-columns-is-layout-9d6595d7 wp-block-columns-is-layout-flex\">\n<div class=\"wp-block-column tuile_just img_radius7 is-layout-flow wp-block-column-is-layout-flow\"><div class=\"wp-block-image\">\n<figure class=\"aligncenter size-full\"><img loading=\"lazy\" decoding=\"async\" width=\"48\" height=\"48\" src=\"https:\/\/aqtilog.fr\/wp-content\/uploads\/2022\/10\/one.png\" alt=\"\" class=\"wp-image-578\"\/><\/figure>\n<\/div>\n\n\n<p><strong><a href=\"https:\/\/aqtilog.fr\/index.php\/projets\/\">Une solution adapt\u00e9e \u00e0 vos besoins<\/a><\/strong><br>Notre \u00e9quipe vous accompagnera tout au long de votre projet.<\/p>\n<\/div>\n\n\n\n<div class=\"wp-block-column tuile_just img_radius7 is-layout-flow wp-block-column-is-layout-flow\"><div class=\"wp-block-image\">\n<figure class=\"aligncenter size-full\"><img loading=\"lazy\" decoding=\"async\" width=\"48\" height=\"48\" src=\"https:\/\/aqtilog.fr\/wp-content\/uploads\/2022\/10\/formation.png\" alt=\"\" class=\"wp-image-580\"\/><\/figure>\n<\/div>\n\n\n<p><strong><a href=\"https:\/\/aqtilog.fr\/index.php\/formation\/\">Formation<\/a><\/strong><br>Aqtilog, accr\u00e9dit\u00e9 Qualiopi, apportera \u00e0 vos \u00e9quipe une formation de qualit\u00e9 personnalis\u00e9e<\/p>\n<\/div>\n\n\n\n<div class=\"wp-block-column tuile_just img_radius7 is-layout-flow wp-block-column-is-layout-flow\"><div class=\"wp-block-image\">\n<figure class=\"aligncenter size-full\"><img loading=\"lazy\" decoding=\"async\" width=\"48\" height=\"48\" src=\"https:\/\/aqtilog.fr\/wp-content\/uploads\/2022\/10\/casque.png\" alt=\"\" class=\"wp-image-581\"\/><\/figure>\n<\/div>\n\n\n<p><strong><a href=\"https:\/\/aqtilog.fr\/index.php\/hotline\/\">Hotline<\/a><\/strong><br>Un service Hotline \u00e0 vos c\u00f4t\u00e9s au quotidien.<\/p>\n<\/div>\n<\/div>\n\n\n\n<p class=\"has-medium-font-size\">Pour aller plus loin<\/p>\n\n\n\n<div class=\"wp-block-columns is-layout-flex wp-container-core-columns-is-layout-9d6595d7 wp-block-columns-is-layout-flex\">\n<div class=\"wp-block-column tuile_just img_radius7 is-layout-flow wp-block-column-is-layout-flow\">\n<p><strong><mark style=\"background-color:rgba(0, 0, 0, 0)\" class=\"has-inline-color has-neve-link-color-color\">Des devis optimis\u00e9s<\/mark><\/strong><br><br>\u00c9laborez vos devis en ma\u00eetrisant vos d\u00e9bours\u00e9s, vos prix de revient et de vente. Personnalisez la pr\u00e9sentation pour des devis et des factures de grande qualit\u00e9, en ins\u00e9rant simplement des tranches, ouvrages de travaux, photos ou fiches techniques et commerciales.<\/p>\n<\/div>\n\n\n\n<div class=\"wp-block-column tuile_just img_radius7 is-layout-flow wp-block-column-is-layout-flow\">\n<p><strong><mark style=\"background-color:rgba(0, 0, 0, 0)\" class=\"has-inline-color has-neve-link-color-color\">Application mobile<\/mark><\/strong><br><br>Avec le module e-chantier alobees, vous suivez et administrez vos chantiers en temps r\u00e9el depuis le bureau ou le mobile. Partagez les documents, suivez l\u2019ex\u00e9cution, g\u00e9rez les interventions et le planning des \u00e9quipes et consultez les feuilles d\u2019heures. vous suivez et administrez vos chantiers en temps r\u00e9el depuis le bureau ou le mobile. Partagez les documents, suivez l\u2019ex\u00e9cution, g\u00e9rez les interventions et le planning des \u00e9quipes et consultez les feuilles d\u2019heures.<\/p>\n<\/div>\n\n\n\n<div class=\"wp-block-column tuile_just img_radius7 is-layout-flow wp-block-column-is-layout-flow\">\n<p><strong><mark style=\"background-color:rgba(0, 0, 0, 0)\" class=\"has-inline-color has-neve-link-color-color\">Appels d&rsquo;offres<\/mark><\/strong><br><br>Recevez des alertes sur les dossiers d\u2019appels d\u2019offres de votre r\u00e9gion. Consultez les pi\u00e8ces du dossier et la date de remise de l&rsquo;offre, t\u00e9l\u00e9chargez l\u2019appel d\u2019offre et r\u00e9pondez directement dans le format demand\u00e9 par le client. (N\u00e9cessite la souscription d\u2019un abonnement directement aupr\u00e8s de notre partenaire Edisys.)<\/p>\n<\/div>\n<\/div>\n\n\n\n<div class=\"wp-block-cover alignfull is-light\" style=\"min-height:88px;aspect-ratio:unset;\"><span aria-hidden=\"true\" class=\"wp-block-cover__background has-background-dim-100 has-background-dim has-background-gradient has-pale-ocean-gradient-background\"><\/span><div class=\"wp-block-cover__inner-container is-layout-flow wp-block-cover-is-layout-flow\">\n<div style=\"height:22px\" aria-hidden=\"true\" class=\"wp-block-spacer\"><\/div>\n\n\n\n<h3 class=\"has-text-align-center wp-block-heading\">Contactez-nous : <a href=\"https:\/\/aqtilog.fr\/index.php\/15c42-web-agency-gb-contact-us\/\">formulaire de contact<\/a><\/h3>\n<\/div><\/div>\n\n\n\n<div style=\"height:14px\" aria-hidden=\"true\" class=\"wp-block-spacer\"><\/div>\n","protected":false},"excerpt":{"rendered":"<p>Sage 100 Batigest G\u00e9rez simplement votre activit\u00e9 b\u00e2timent : du devis au suivi de chantierOptimisez votre gestion commerciale BTP avec Sage Batigest Connect, l\u2019\u00e9volution de Sage Batigest i7.Prenez de meilleures d\u00e9cisions et boostez votre activit\u00e9 gr\u00e2ce \u00e0 une solution mobile, intuitive et d\u00e9di\u00e9e aux entrepreneurs et artisans du b\u00e2timent. Fonctionnalit\u00e9s principales de Sage 100 Comptabilit\u00e9&hellip;&nbsp;<a href=\"https:\/\/aqtilog.fr\/index.php\/sage-batigest\/\" class=\"\" rel=\"bookmark\">Lire la suite &raquo;<span class=\"screen-reader-text\">Sage Batigest<\/span><\/a><\/p>\n","protected":false},"author":3,"featured_media":0,"parent":0,"menu_order":0,"comment_status":"closed","ping_status":"closed","template":"","meta":{"neve_meta_sidebar":"","neve_meta_container":"","neve_meta_enable_content_width":"","neve_meta_content_width":0,"neve_meta_title_alignment":"","neve_meta_author_avatar":"","neve_post_elements_order":"","neve_meta_disable_header":"","neve_meta_disable_footer":"","neve_meta_disable_title":"off","footnotes":""},"class_list":["post-892","page","type-page","status-publish","hentry"],"_links":{"self":[{"href":"https:\/\/aqtilog.fr\/index.php\/wp-json\/wp\/v2\/pages\/892","targetHints":{"allow":["GET"]}}],"collection":[{"href":"https:\/\/aqtilog.fr\/index.php\/wp-json\/wp\/v2\/pages"}],"about":[{"href":"https:\/\/aqtilog.fr\/index.php\/wp-json\/wp\/v2\/types\/page"}],"author":[{"embeddable":true,"href":"https:\/\/aqtilog.fr\/index.php\/wp-json\/wp\/v2\/users\/3"}],"replies":[{"embeddable":true,"href":"https:\/\/aqtilog.fr\/index.php\/wp-json\/wp\/v2\/comments?post=892"}],"version-history":[{"count":9,"href":"https:\/\/aqtilog.fr\/index.php\/wp-json\/wp\/v2\/pages\/892\/revisions"}],"predecessor-version":[{"id":1506,"href":"https:\/\/aqtilog.fr\/index.php\/wp-json\/wp\/v2\/pages\/892\/revisions\/1506"}],"wp:attachment":[{"href":"https:\/\/aqtilog.fr\/index.php\/wp-json\/wp\/v2\/media?parent=892"}],"curies":[{"name":"wp","href":"https:\/\/api.w.org\/{rel}","templated":true}]}}