{"id":888,"date":"2023-01-23T16:39:50","date_gmt":"2023-01-23T15:39:50","guid":{"rendered":"http:\/\/aqtilog.fr\/?page_id=888"},"modified":"2023-03-29T11:21:47","modified_gmt":"2023-03-29T09:21:47","slug":"sage-100","status":"publish","type":"page","link":"https:\/\/aqtilog.fr\/index.php\/sage-100\/","title":{"rendered":"Sage 100"},"content":{"rendered":"\n<div style=\"height:22px\" aria-hidden=\"true\" class=\"wp-block-spacer\"><\/div>\n\n\n\n<div class=\"wp-block-columns image_radius7 tuile has-background is-layout-flex wp-container-core-columns-is-layout-9d6595d7 wp-block-columns-is-layout-flex\" style=\"background:linear-gradient(135deg,rgb(3,75,130) 0%,rgb(40,154,252) 100%)\">\n<div class=\"wp-block-column is-layout-flow wp-block-column-is-layout-flow\" style=\"flex-basis:100%\">\n<div class=\"wp-block-columns is-layout-flex wp-container-core-columns-is-layout-9d6595d7 wp-block-columns-is-layout-flex\">\n<div class=\"wp-block-column is-layout-flow wp-block-column-is-layout-flow\" style=\"flex-basis:100%\">\n<h3 class=\"has-text-align-left has-nv-site-bg-color has-text-color wp-block-heading\">Sage 100 <\/h3>\n\n\n\n<p class=\"has-text-align-left has-nv-site-bg-color has-text-color\">Sage 100 est un logiciel de gestion int\u00e9gr\u00e9e avec une connexion Cloud pour les PME.<br>Automatisez vos processus, obtenez des rapports en temps r\u00e9el et lib\u00e9rez du temps pour d\u00e9velopper votre entreprise.<\/p>\n\n\n\n<p class=\"has-nv-site-bg-color has-text-color\"><\/p>\n\n\n\n<p class=\"has-text-align-left has-nv-site-bg-color has-text-color\"><strong>Gestion comptable et financi\u00e8re<br>Gestion commerciale<br>Tr\u00e9sorerie<br>Production<\/strong><br><\/p>\n<\/div>\n<\/div>\n<\/div>\n<\/div>\n\n\n\n<p><strong>Fonctionnalit\u00e9s principales de Sage 100  :<\/strong><\/p>\n\n\n\n<p><\/p>\n\n\n\n<div class=\"wp-block-columns is-layout-flex wp-container-core-columns-is-layout-9d6595d7 wp-block-columns-is-layout-flex\">\n<div class=\"wp-block-column is-layout-flow wp-block-column-is-layout-flow\" style=\"flex-basis:40%\">\n<p class=\"has-black-color has-text-color\"><i class=\"fas fa-square-check\"><\/i> Conformit\u00e9 l\u00e9gale <br><i class=\"fas fa-square-check\"><\/i> Comptabilit\u00e9 g\u00e9n\u00e9rale&nbsp; <br><i class=\"fas fa-square-check\"><\/i> Tr\u00e9sorerie <br><i class=\"fas fa-square-check\"><\/i> Gestion commerciale <br><i class=\"fas fa-square-check\"><\/i> Gestion des stocks, r\u00e9pparovisionnement <br><i class=\"fas fa-square-check\"><\/i> Suivi financier <br><i class=\"fas fa-square-check\"><\/i> Gestion des flux financiers <br><i class=\"fas fa-square-check\"><\/i> Immobilisations <br><i class=\"fas fa-square-check\"><\/i> Production, optimisation des process <br><i class=\"fas fa-square-check\"><\/i> Tableaux de bord<br><\/p>\n\n\n\n<p><\/p>\n<\/div>\n\n\n\n<div class=\"wp-block-column is-layout-flow wp-block-column-is-layout-flow\" style=\"flex-basis:60%\">\n<figure class=\"wp-block-embed is-type-video is-provider-youtube wp-block-embed-youtube wp-embed-aspect-16-9 wp-has-aspect-ratio\"><div class=\"wp-block-embed__wrapper\">\n<div class=\"nv-iframe-embed\"><iframe loading=\"lazy\" title=\"Je suis 100 C \u00eatre plus mobile\" width=\"1200\" height=\"675\" src=\"https:\/\/www.youtube.com\/embed\/1EN-bghc8_c?feature=oembed\" frameborder=\"0\" allow=\"accelerometer; autoplay; clipboard-write; encrypted-media; gyroscope; picture-in-picture; web-share\" allowfullscreen><\/iframe><\/div>\n<\/div><\/figure>\n<\/div>\n<\/div>\n\n\n\n<div style=\"height:34px\" aria-hidden=\"true\" class=\"wp-block-spacer\"><\/div>\n\n\n\n<div class=\"wp-block-columns image_radius7 tuile padlr50 has-background is-layout-flex wp-container-core-columns-is-layout-9d6595d7 wp-block-columns-is-layout-flex\" style=\"background:linear-gradient(135deg,rgb(3,75,130) 0%,rgb(40,154,252) 100%)\">\n<div class=\"wp-block-column is-layout-flow wp-block-column-is-layout-flow\" style=\"flex-basis:10%\"><\/div>\n\n\n\n<div class=\"wp-block-column has-background is-layout-flow wp-block-column-is-layout-flow\" style=\"background-color:#00000000\">\n<div style=\"height:23px\" aria-hidden=\"true\" class=\"wp-block-spacer\"><\/div>\n\n\n\n<h3 class=\"has-text-align-center has-nv-site-bg-color has-text-color wp-block-heading\">T\u00e9l\u00e9charger la plaquette Sage 100 <\/h3>\n\n\n<div class='fluentform ff-default fluentform_wrapper_5  ff_guten_block ff_guten_block-5 ffs_default_wrap'><form data-form_id=\"5\" id=\"fluentform_5\" class=\"frm-fluent-form fluent_form_5 ff-el-form-top ff_form_instance_5_1 ff-form-loading ffs_default\" data-form_instance=\"ff_form_instance_5_1\" method=\"POST\" ><fieldset  style=\"border: none!important;margin: 0!important;padding: 0!important;background-color: transparent!important;box-shadow: none!important;outline: none!important; min-inline-size: 100%;\">\n                    <legend class=\"ff_screen_reader_title\" style=\"display: block; margin: 0!important;padding: 0!important;height: 0!important;text-indent: -999999px;width: 0!important;overflow:hidden;\">Plaquette Sage 100<\/legend><input type='hidden' name='__fluent_form_embded_post_id' value='888' \/><input type=\"hidden\" id=\"_fluentform_5_fluentformnonce\" name=\"_fluentform_5_fluentformnonce\" value=\"bc7d6d8806\" \/><input type=\"hidden\" name=\"_wp_http_referer\" value=\"\/index.php\/wp-json\/wp\/v2\/pages\/888\" \/><div data-name=\"ff_cn_id_1\"  class='ff-t-container ff-column-container ff_columns_total_1 '><div class='ff-t-cell ff-t-column-1' style='flex-basis: 100%;'><div class='ff-el-group'><div class='ff-el-input--content'><input type=\"text\" name=\"input_text\" class=\"ff-el-form-control\" placeholder=\"Vos nom, pr\u00e9nom\" data-name=\"input_text\" id=\"ff_5_input_text\"  aria-invalid=\"false\" aria-required=true><\/div><\/div><div class='ff-el-group'><div class='ff-el-input--content'><input type=\"text\" name=\"input_text_1\" class=\"ff-el-form-control\" placeholder=\"Votre soci\u00e9t\u00e9\" data-name=\"input_text_1\" id=\"ff_5_input_text_1\"  aria-invalid=\"false\" aria-required=true><\/div><\/div><div class='ff-el-group ff-el-form-hide_label'><div class=\"ff-el-input--label ff-el-is-required asterisk-right\"><label for='ff_5_email' id='label_ff_5_email' aria-label=\"T\u00e9l\u00e9charger la plaquette Sage 100 Comptabilit\u00e9\">T\u00e9l\u00e9charger la plaquette Sage 100 Comptabilit\u00e9<\/label><\/div><div class='ff-el-input--content'><input type=\"email\" name=\"email\" id=\"ff_5_email\" class=\"ff-el-form-control\" placeholder=\"Votre email\" data-name=\"email\"  aria-invalid=\"false\" aria-required=true><\/div><\/div><\/div><\/div><div class='ff-el-group ff-text-center ff_submit_btn_wrapper'><button type=\"submit\" class=\"ff-btn ff-btn-submit ff-btn-md ff_btn_style\"  aria-label=\"Afficher le lien de t\u00e9l\u00e9chargement\">Afficher le lien de t\u00e9l\u00e9chargement<\/button><\/div><\/fieldset><\/form><div id='fluentform_5_errors' class='ff-errors-in-stack ff_form_instance_5_1 ff-form-loading_errors ff_form_instance_5_1_errors'><\/div><\/div>            <script type=\"text\/javascript\">\n                window.fluent_form_ff_form_instance_5_1 = {\"id\":\"5\",\"settings\":{\"layout\":{\"labelPlacement\":\"top\",\"helpMessagePlacement\":\"with_label\",\"errorMessagePlacement\":\"inline\",\"cssClassName\":\"\",\"asteriskPlacement\":\"asterisk-right\"},\"restrictions\":{\"denyEmptySubmission\":{\"enabled\":false}}},\"form_instance\":\"ff_form_instance_5_1\",\"form_id_selector\":\"fluentform_5\",\"rules\":{\"input_text\":{\"required\":{\"value\":true,\"message\":\"Merci de pr\\u00e9ciser vos nom et pr\\u00e9nom\"}},\"input_text_1\":{\"required\":{\"value\":true,\"message\":\"Merci de pr\\u00e9ciser votre soci\\u00e9t\\u00e9\"}},\"email\":{\"required\":{\"value\":true,\"message\":\"Ce champ est obligatoire\"},\"email\":{\"value\":true,\"message\":\"Ce champ doit contenir un e-mail valide\"}}},\"debounce_time\":300};\n                            <\/script>\n            <\/div>\n\n\n\n<div class=\"wp-block-column is-layout-flow wp-block-column-is-layout-flow\" style=\"flex-basis:10%\"><\/div>\n<\/div>\n\n\n\n<p class=\"has-medium-font-size\"><strong>Les plus de Sage 100 avec votre partenaire Aqtilog<\/strong><\/p>\n\n\n\n<div class=\"wp-block-columns is-layout-flex wp-container-core-columns-is-layout-9d6595d7 wp-block-columns-is-layout-flex\">\n<div class=\"wp-block-column tuile_just img_radius7 is-layout-flow wp-block-column-is-layout-flow\"><div class=\"wp-block-image\">\n<figure class=\"aligncenter size-full\"><img loading=\"lazy\" decoding=\"async\" width=\"48\" height=\"48\" src=\"https:\/\/aqtilog.fr\/wp-content\/uploads\/2022\/10\/one.png\" alt=\"\" class=\"wp-image-578\"\/><\/figure>\n<\/div>\n\n\n<p><strong><a href=\"https:\/\/aqtilog.fr\/index.php\/projets\/\">Une solution adapt\u00e9e \u00e0 vos besoins<\/a><\/strong><br>Notre \u00e9quipe vous accompagnera tout au long de votre projet.<\/p>\n<\/div>\n\n\n\n<div class=\"wp-block-column tuile_just img_radius7 is-layout-flow wp-block-column-is-layout-flow\"><div class=\"wp-block-image\">\n<figure class=\"aligncenter size-full\"><img loading=\"lazy\" decoding=\"async\" width=\"48\" height=\"48\" src=\"https:\/\/aqtilog.fr\/wp-content\/uploads\/2022\/10\/formation.png\" alt=\"\" class=\"wp-image-580\"\/><\/figure>\n<\/div>\n\n\n<p><strong><a href=\"https:\/\/aqtilog.fr\/index.php\/formation\/\">Formation<\/a><\/strong><br>Aqtilog, bient\u00f4t accr\u00e9dit\u00e9 Qualiopi, apportera \u00e0 vos \u00e9quipe une formation de qualit\u00e9 personnalis\u00e9e<\/p>\n<\/div>\n\n\n\n<div class=\"wp-block-column tuile_just img_radius7 is-layout-flow wp-block-column-is-layout-flow\"><div class=\"wp-block-image\">\n<figure class=\"aligncenter size-full\"><img loading=\"lazy\" decoding=\"async\" width=\"48\" height=\"48\" src=\"https:\/\/aqtilog.fr\/wp-content\/uploads\/2022\/10\/casque.png\" alt=\"\" class=\"wp-image-581\"\/><\/figure>\n<\/div>\n\n\n<p><strong><a href=\"https:\/\/aqtilog.fr\/index.php\/hotline\/\">Hotline<\/a><\/strong><br>Un service Hotline \u00e0 vos c\u00f4t\u00e9s au quotidien.<\/p>\n<\/div>\n<\/div>\n\n\n\n<p class=\"has-medium-font-size\">Pour aller plus loin<\/p>\n\n\n\n<div class=\"wp-block-columns is-layout-flex wp-container-core-columns-is-layout-9d6595d7 wp-block-columns-is-layout-flex\">\n<div class=\"wp-block-column tuile_just img_radius7 is-layout-flow wp-block-column-is-layout-flow\">\n<p><strong><mark style=\"background-color:rgba(0, 0, 0, 0)\" class=\"has-inline-color has-neve-link-color-color\">Sage 100 Moyens de paiement<\/mark><\/strong><br><br>Pour g\u00e9rer simplement et en toute s\u00e9curit\u00e9 vos \u00e9changes financiers avec vos clients, fournisseurs et banques, en respectant les normes et contraintes internationales. D\u00e9couvrez Sage 100 Moyens de Paiement, pour les PME.&nbsp;<\/p>\n<\/div>\n\n\n\n<div class=\"wp-block-column tuile_just img_radius7 is-layout-flow wp-block-column-is-layout-flow\">\n<p><strong><mark style=\"background-color:rgba(0, 0, 0, 0)\" class=\"has-inline-color has-neve-link-color-color\">Sage 100 Tr\u00e9sorerie<\/mark><\/strong><br><br>D\u00e9cideur au sein de votre entreprise, vous vous reposez sur un logiciel de tr\u00e9sorerie performant pour anticiper chaque \u00e9tape de votre croissance. \u00c0 la recherche d\u2019une relation sereine avec vos partenaires, vous disposez au jour le jour d\u2019une totale visibilit\u00e9.<\/p>\n<\/div>\n\n\n\n<div class=\"wp-block-column tuile_just img_radius7 is-layout-flow wp-block-column-is-layout-flow\">\n<p><strong><mark style=\"background-color:rgba(0, 0, 0, 0)\" class=\"has-inline-color has-neve-link-color-color\">Sage 100 Immobilisations<\/mark><\/strong><br><br>Les solutions de gestion des immobilisations Sage vous garantissent une parfaite ma\u00eetrise de vos actifs immobilis\u00e9s, avec l\u2019assurance d\u2019\u00eatre toujours en r\u00e8gle et en conformit\u00e9 avec les normes comptables et fiscales nationales et internationales.&nbsp;<\/p>\n<\/div>\n<\/div>\n\n\n\n<div class=\"wp-block-cover alignfull is-light\" style=\"min-height:88px;aspect-ratio:unset;\"><span aria-hidden=\"true\" class=\"wp-block-cover__background has-background-dim-100 has-background-dim has-background-gradient has-pale-ocean-gradient-background\"><\/span><div class=\"wp-block-cover__inner-container is-layout-flow wp-block-cover-is-layout-flow\">\n<div style=\"height:22px\" aria-hidden=\"true\" class=\"wp-block-spacer\"><\/div>\n\n\n\n<h2 class=\"has-text-align-center wp-block-heading\" style=\"font-size:25px\">Contactez-nous : <a href=\"https:\/\/aqtilog.fr\/index.php\/15c42-web-agency-gb-contact-us\/\">formulaire de contact<\/a><\/h2>\n<\/div><\/div>\n","protected":false},"excerpt":{"rendered":"<p>Sage 100 Sage 100 est un logiciel de gestion int\u00e9gr\u00e9e avec une connexion Cloud pour les PME.Automatisez vos processus, obtenez des rapports en temps r\u00e9el et lib\u00e9rez du temps pour d\u00e9velopper votre entreprise. Gestion comptable et financi\u00e8reGestion commercialeTr\u00e9sorerieProduction Fonctionnalit\u00e9s principales de Sage 100 : Conformit\u00e9 l\u00e9gale Comptabilit\u00e9 g\u00e9n\u00e9rale&nbsp; Tr\u00e9sorerie Gestion commerciale Gestion des stocks, r\u00e9pparovisionnement&hellip;&nbsp;<a href=\"https:\/\/aqtilog.fr\/index.php\/sage-100\/\" class=\"\" rel=\"bookmark\">Lire la suite &raquo;<span class=\"screen-reader-text\">Sage 100<\/span><\/a><\/p>\n","protected":false},"author":3,"featured_media":0,"parent":0,"menu_order":0,"comment_status":"closed","ping_status":"closed","template":"","meta":{"neve_meta_sidebar":"","neve_meta_container":"","neve_meta_enable_content_width":"","neve_meta_content_width":0,"neve_meta_title_alignment":"","neve_meta_author_avatar":"","neve_post_elements_order":"","neve_meta_disable_header":"","neve_meta_disable_footer":"","neve_meta_disable_title":"on","footnotes":""},"class_list":["post-888","page","type-page","status-publish","hentry"],"_links":{"self":[{"href":"https:\/\/aqtilog.fr\/index.php\/wp-json\/wp\/v2\/pages\/888","targetHints":{"allow":["GET"]}}],"collection":[{"href":"https:\/\/aqtilog.fr\/index.php\/wp-json\/wp\/v2\/pages"}],"about":[{"href":"https:\/\/aqtilog.fr\/index.php\/wp-json\/wp\/v2\/types\/page"}],"author":[{"embeddable":true,"href":"https:\/\/aqtilog.fr\/index.php\/wp-json\/wp\/v2\/users\/3"}],"replies":[{"embeddable":true,"href":"https:\/\/aqtilog.fr\/index.php\/wp-json\/wp\/v2\/comments?post=888"}],"version-history":[{"count":11,"href":"https:\/\/aqtilog.fr\/index.php\/wp-json\/wp\/v2\/pages\/888\/revisions"}],"predecessor-version":[{"id":1502,"href":"https:\/\/aqtilog.fr\/index.php\/wp-json\/wp\/v2\/pages\/888\/revisions\/1502"}],"wp:attachment":[{"href":"https:\/\/aqtilog.fr\/index.php\/wp-json\/wp\/v2\/media?parent=888"}],"curies":[{"name":"wp","href":"https:\/\/api.w.org\/{rel}","templated":true}]}}