{"id":856,"date":"2023-01-23T15:50:48","date_gmt":"2023-01-23T14:50:48","guid":{"rendered":"http:\/\/aqtilog.fr\/?page_id=856"},"modified":"2023-05-08T18:10:22","modified_gmt":"2023-05-08T16:10:22","slug":"integration","status":"publish","type":"page","link":"https:\/\/aqtilog.fr\/index.php\/integration\/","title":{"rendered":"Int\u00e9gration"},"content":{"rendered":"\n<div class=\"wp-block-cover alignwide tuile_just\" style=\"min-height:400px;aspect-ratio:unset;\"><span aria-hidden=\"true\" class=\"wp-block-cover__background has-nv-light-bg-background-color has-background-dim-100 has-background-dim\"><\/span><div class=\"wp-block-cover__inner-container is-layout-flow wp-block-cover-is-layout-flow\">\n<div class=\"wp-block-group w80\"><div class=\"wp-block-group__inner-container is-layout-flow wp-block-group-is-layout-flow\">\n<div style=\"height:24px\" aria-hidden=\"true\" class=\"wp-block-spacer\"><\/div>\n\n\n\n<div class=\"wp-block-columns are-vertically-aligned-center is-layout-flex wp-container-core-columns-is-layout-9d6595d7 wp-block-columns-is-layout-flex\">\n<div class=\"wp-block-column is-vertically-aligned-center is-layout-flow wp-block-column-is-layout-flow\" style=\"flex-basis:50%\">\n<figure class=\"wp-block-image size-full\"><img loading=\"lazy\" decoding=\"async\" width=\"640\" height=\"453\" src=\"https:\/\/aqtilog.fr\/wp-content\/uploads\/2023\/01\/hand-g7e80b2290_640.png\" alt=\"\" class=\"wp-image-885\" srcset=\"https:\/\/aqtilog.fr\/wp-content\/uploads\/2023\/01\/hand-g7e80b2290_640.png 640w, https:\/\/aqtilog.fr\/wp-content\/uploads\/2023\/01\/hand-g7e80b2290_640-300x212.png 300w\" sizes=\"auto, (max-width: 640px) 100vw, 640px\" \/><\/figure>\n<\/div>\n\n\n\n<div class=\"wp-block-column is-vertically-aligned-center is-layout-flow wp-block-column-is-layout-flow\" style=\"flex-basis:50%\">\n<h3 class=\"wp-block-heading has-neve-text-color-color has-text-color\">Une vision \u00e0 360\u00b0<\/h3>\n\n\n\n<p class=\"has-nv-dark-bg-color has-text-color\">La vision \u00e0 360 degr\u00e9s est une approche holistique qui consiste \u00e0 examiner tous les aspects d&rsquo;une entreprise, y compris ses logiciels, sous tous les angles possibles. Cela signifie prendre en compte toutes les parties prenantes, les processus, les donn\u00e9es, les technologies, les objectifs et les impacts associ\u00e9s aux logiciels de l&rsquo;entreprise.<\/p>\n\n\n\n<p class=\"has-nv-dark-bg-color has-text-color\">Pour atteindre cette vision \u00e0 360 degr\u00e9s, nous vous accompagnons gr\u00e2ce \u00e0 des outils d&rsquo;analyse des donn\u00e9es, des mod\u00e8les de simulation, des enqu\u00eates aupr\u00e8s des utilisateurs et des clients, ainsi que des approches de co-cr\u00e9ation et de collaboration avec les parties prenantes.<\/p>\n<\/div>\n<\/div>\n\n\n\n<div style=\"height:25px\" aria-hidden=\"true\" class=\"wp-block-spacer\"><\/div>\n<\/div><\/div>\n<\/div><\/div>\n\n\n\n<div style=\"height:21px\" aria-hidden=\"true\" class=\"wp-block-spacer\"><\/div>\n\n\n\n<div class=\"wp-block-cover alignwide is-light tuile_just\" style=\"min-height:400px;aspect-ratio:unset;\"><span aria-hidden=\"true\" class=\"wp-block-cover__background has-background-dim-100 has-background-dim has-background-gradient has-midnight-gradient-background\"><\/span><div class=\"wp-block-cover__inner-container is-layout-flow wp-block-cover-is-layout-flow\">\n<div class=\"wp-block-group w80\"><div class=\"wp-block-group__inner-container is-layout-flow wp-block-group-is-layout-flow\">\n<div style=\"height:24px\" aria-hidden=\"true\" class=\"wp-block-spacer\"><\/div>\n\n\n\n<div class=\"wp-block-columns are-vertically-aligned-center is-layout-flex wp-container-core-columns-is-layout-9d6595d7 wp-block-columns-is-layout-flex\">\n<div class=\"wp-block-column is-vertically-aligned-center is-layout-flow wp-block-column-is-layout-flow\" style=\"flex-basis:50%\">\n<figure class=\"wp-block-image size-full\"><img loading=\"lazy\" decoding=\"async\" width=\"640\" height=\"427\" src=\"https:\/\/aqtilog.fr\/wp-content\/uploads\/2023\/01\/brushes-gcdb49fc79_640.jpg\" alt=\"\" class=\"wp-image-886\" srcset=\"https:\/\/aqtilog.fr\/wp-content\/uploads\/2023\/01\/brushes-gcdb49fc79_640.jpg 640w, https:\/\/aqtilog.fr\/wp-content\/uploads\/2023\/01\/brushes-gcdb49fc79_640-300x200.jpg 300w\" sizes=\"auto, (max-width: 640px) 100vw, 640px\" \/><\/figure>\n<\/div>\n\n\n\n<div class=\"wp-block-column is-vertically-aligned-center is-layout-flow wp-block-column-is-layout-flow\" style=\"flex-basis:50%\">\n<h3 class=\"wp-block-heading has-nv-site-bg-color has-text-color\">Au plus proche de votre m\u00e9tier<\/h3>\n\n\n\n<p class=\"has-nv-site-bg-color has-text-color\">En tant que professionnels exp\u00e9riment\u00e9s, nous comprenons l&rsquo;importance de fournir des services adapt\u00e9s aux besoins de nos clients. Notre entreprise a \u00e9t\u00e9 cr\u00e9\u00e9e dans le but de r\u00e9pondre aux besoins de nos clients, en leur offrant une exp\u00e9rience m\u00e9tier exceptionnelle.<\/p>\n\n\n\n<p class=\"has-nv-site-bg-color has-text-color\">Nous avons acquis une exp\u00e9rience inestimable au fil des ans en travaillant avec une grande vari\u00e9t\u00e9 d&rsquo;entreprises dans diff\u00e9rents secteurs d&rsquo;activit\u00e9.  Cette exp\u00e9rience diversifi\u00e9e nous a permis de comprendre les besoins et les exigences uniques de chaque entreprise.<\/p>\n\n\n\n<p class=\"has-nv-site-bg-color has-text-color\">Notre \u00e9quipe est compos\u00e9e de professionnels qualifi\u00e9s, qui poss\u00e8dent une exp\u00e9rience concr\u00e8te et une connaissance approfondie de leur domaine d&rsquo;expertise. Nous sommes passionn\u00e9s par notre travail et nous sommes d\u00e9termin\u00e9s \u00e0 fournir des r\u00e9sultats exceptionnels pour nos clients.<\/p>\n<\/div>\n<\/div>\n\n\n\n<div style=\"height:25px\" aria-hidden=\"true\" class=\"wp-block-spacer\"><\/div>\n<\/div><\/div>\n<\/div><\/div>\n\n\n\n<div style=\"height:20px\" aria-hidden=\"true\" class=\"wp-block-spacer\"><\/div>\n\n\n\n<div class=\"wp-block-cover alignfull is-light\" style=\"min-height:88px;aspect-ratio:unset;\"><span aria-hidden=\"true\" class=\"wp-block-cover__background has-background-dim-100 has-background-dim has-background-gradient has-pale-ocean-gradient-background\"><\/span><div class=\"wp-block-cover__inner-container is-layout-flow wp-block-cover-is-layout-flow\">\n<div style=\"height:22px\" aria-hidden=\"true\" class=\"wp-block-spacer\"><\/div>\n\n\n\n<h3 class=\"wp-block-heading has-text-align-center\">Contactez-nous : <a href=\"https:\/\/aqtilog.fr\/index.php\/15c42-web-agency-gb-contact-us\/\">formulaire de contact<\/a><\/h3>\n<\/div><\/div>\n\n\n\n<div style=\"height:14px\" aria-hidden=\"true\" class=\"wp-block-spacer\"><\/div>\n","protected":false},"excerpt":{"rendered":"","protected":false},"author":3,"featured_media":0,"parent":0,"menu_order":0,"comment_status":"closed","ping_status":"closed","template":"","meta":{"neve_meta_sidebar":"","neve_meta_container":"","neve_meta_enable_content_width":"","neve_meta_content_width":0,"neve_meta_title_alignment":"","neve_meta_author_avatar":"","neve_post_elements_order":"","neve_meta_disable_header":"","neve_meta_disable_footer":"","neve_meta_disable_title":"off","footnotes":""},"class_list":["post-856","page","type-page","status-publish","hentry"],"_links":{"self":[{"href":"https:\/\/aqtilog.fr\/index.php\/wp-json\/wp\/v2\/pages\/856","targetHints":{"allow":["GET"]}}],"collection":[{"href":"https:\/\/aqtilog.fr\/index.php\/wp-json\/wp\/v2\/pages"}],"about":[{"href":"https:\/\/aqtilog.fr\/index.php\/wp-json\/wp\/v2\/types\/page"}],"author":[{"embeddable":true,"href":"https:\/\/aqtilog.fr\/index.php\/wp-json\/wp\/v2\/users\/3"}],"replies":[{"embeddable":true,"href":"https:\/\/aqtilog.fr\/index.php\/wp-json\/wp\/v2\/comments?post=856"}],"version-history":[{"count":10,"href":"https:\/\/aqtilog.fr\/index.php\/wp-json\/wp\/v2\/pages\/856\/revisions"}],"predecessor-version":[{"id":1627,"href":"https:\/\/aqtilog.fr\/index.php\/wp-json\/wp\/v2\/pages\/856\/revisions\/1627"}],"wp:attachment":[{"href":"https:\/\/aqtilog.fr\/index.php\/wp-json\/wp\/v2\/media?parent=856"}],"curies":[{"name":"wp","href":"https:\/\/api.w.org\/{rel}","templated":true}]}}