{"id":854,"date":"2023-01-23T15:50:16","date_gmt":"2023-01-23T14:50:16","guid":{"rendered":"http:\/\/aqtilog.fr\/?page_id=854"},"modified":"2023-03-28T10:36:16","modified_gmt":"2023-03-28T08:36:16","slug":"projets","status":"publish","type":"page","link":"https:\/\/aqtilog.fr\/index.php\/projets\/","title":{"rendered":"Vos projets"},"content":{"rendered":"\n<div style=\"height:37px\" aria-hidden=\"true\" class=\"wp-block-spacer\"><\/div>\n\n\n\n<div class=\"wp-block-cover alignwide tuile_just\" style=\"min-height:600px;aspect-ratio:unset;\"><span aria-hidden=\"true\" class=\"wp-block-cover__background has-nv-light-bg-background-color has-background-dim-100 has-background-dim\"><\/span><div class=\"wp-block-cover__inner-container is-layout-flow wp-block-cover-is-layout-flow\">\n<p><\/p>\n\n\n\n<p class=\"has-nv-c-1-color has-text-color has-medium-font-size\"><strong>Nous vous accompagnons.<\/strong><\/p>\n\n\n\n<p class=\"has-nv-dark-bg-color has-text-color\">Nous sommes fiers de pr\u00e9senter notre entreprise, sp\u00e9cialis\u00e9e dans la r\u00e9alisation de projets innovants et complexes. Depuis plusieurs ann\u00e9es, nous mettons notre expertise et notre savoir-faire au service de nos clients pour leur fournir des solutions adapt\u00e9es \u00e0 leurs besoins.<\/p>\n\n\n\n<p class=\"has-nv-dark-bg-color has-text-color\">Nous avons \u00e0 notre actif de nombreux projets r\u00e9ussis dans diff\u00e9rents domaines. Nous sommes en mesure de prendre en charge des projets de toutes tailles et de toutes complexit\u00e9s, en offrant une expertise pointue dans chaque \u00e9tape du processus.<\/p>\n\n\n<div class=\"wp-block-image\">\n<figure class=\"alignleft size-large is-resized\"><img loading=\"lazy\" decoding=\"async\" src=\"https:\/\/aqtilog.fr\/wp-content\/uploads\/2023\/03\/cash-register-g270bd878c_1280-1024x448.jpg\" alt=\"\" class=\"wp-image-1223\" width=\"512\" height=\"224\" srcset=\"https:\/\/aqtilog.fr\/wp-content\/uploads\/2023\/03\/cash-register-g270bd878c_1280-1024x448.jpg 1024w, https:\/\/aqtilog.fr\/wp-content\/uploads\/2023\/03\/cash-register-g270bd878c_1280-300x131.jpg 300w, https:\/\/aqtilog.fr\/wp-content\/uploads\/2023\/03\/cash-register-g270bd878c_1280-768x336.jpg 768w, https:\/\/aqtilog.fr\/wp-content\/uploads\/2023\/03\/cash-register-g270bd878c_1280.jpg 1280w\" sizes=\"auto, (max-width: 512px) 100vw, 512px\" \/><\/figure>\n<\/div>\n\n\n<p class=\"has-nv-dark-bg-color has-text-color\">Nous sommes convaincus que notre r\u00e9ussite d\u00e9coule d&rsquo;une approche ax\u00e9e sur la collaboration et la communication avec nos clients. Nous prenons le temps de comprendre leurs besoins et de travailler en \u00e9troite collaboration avec eux pour garantir que leurs projets soient r\u00e9alis\u00e9s dans les d\u00e9lais impartis et selon les normes de qualit\u00e9 les plus \u00e9lev\u00e9es.<\/p>\n\n\n\n<p class=\"has-nv-dark-bg-color has-text-color\">Notre \u00e9quipe est constitu\u00e9e de professionnels qualifi\u00e9s et exp\u00e9riment\u00e9s, qui ont la passion et la d\u00e9termination n\u00e9cessaires pour livrer des projets exceptionnels. Nous disposons \u00e9galement d&rsquo;un arsenal d&rsquo;outils et de technologies de pointe pour garantir que nos projets soient r\u00e9alis\u00e9s avec une efficacit\u00e9 maximale.<\/p>\n\n\n\n<p class=\"has-nv-dark-bg-color has-text-color\">Chez nous, nous croyons que l&rsquo;innovation est la cl\u00e9 de la r\u00e9ussite. Nous sommes constamment \u00e0 la recherche de nouvelles id\u00e9es et de technologies de pointe pour am\u00e9liorer notre travail et proposer des solutions plus cr\u00e9atives et plus performantes.<\/p>\n\n\n\n<p class=\"has-nv-dark-bg-color has-text-color\">Nous sommes fiers de notre engagement envers l&rsquo;excellence et la qualit\u00e9 et nous nous effor\u00e7ons de maintenir notre r\u00e9putation en tant que fournisseur de choix pour les projets les plus complexes. Si vous recherchez un partenaire de confiance pour vos projets, nous sommes l\u00e0 pour vous accompagner et vous offrir notre expertise. Contactez-nous d\u00e8s aujourd&rsquo;hui pour discuter de vos projets et d\u00e9couvrir comment nous pouvons vous aider \u00e0 les r\u00e9aliser avec succ\u00e8s.<\/p>\n<\/div><\/div>\n\n\n\n<div style=\"height:29px\" aria-hidden=\"true\" class=\"wp-block-spacer\"><\/div>\n\n\n\n<div style=\"height:100px\" aria-hidden=\"true\" class=\"wp-block-spacer\"><\/div>\n\n\n\n<div class=\"wp-block-cover alignfull is-light\" style=\"min-height:88px;aspect-ratio:unset;\"><span aria-hidden=\"true\" class=\"wp-block-cover__background has-background-dim-100 has-background-dim has-background-gradient has-pale-ocean-gradient-background\"><\/span><div class=\"wp-block-cover__inner-container is-layout-flow wp-block-cover-is-layout-flow\">\n<div style=\"height:22px\" aria-hidden=\"true\" class=\"wp-block-spacer\"><\/div>\n\n\n\n<h3 class=\"has-text-align-center wp-block-heading\">Contactez-nous : <a href=\"https:\/\/aqtilog.fr\/index.php\/15c42-web-agency-gb-contact-us\/\">formulaire de contact<\/a><\/h3>\n<\/div><\/div>\n\n\n\n<div style=\"height:14px\" aria-hidden=\"true\" class=\"wp-block-spacer\"><\/div>\n","protected":false},"excerpt":{"rendered":"","protected":false},"author":3,"featured_media":0,"parent":0,"menu_order":0,"comment_status":"closed","ping_status":"closed","template":"","meta":{"neve_meta_sidebar":"","neve_meta_container":"","neve_meta_enable_content_width":"","neve_meta_content_width":0,"neve_meta_title_alignment":"","neve_meta_author_avatar":"","neve_post_elements_order":"","neve_meta_disable_header":"","neve_meta_disable_footer":"","neve_meta_disable_title":"off","footnotes":""},"class_list":["post-854","page","type-page","status-publish","hentry"],"_links":{"self":[{"href":"https:\/\/aqtilog.fr\/index.php\/wp-json\/wp\/v2\/pages\/854","targetHints":{"allow":["GET"]}}],"collection":[{"href":"https:\/\/aqtilog.fr\/index.php\/wp-json\/wp\/v2\/pages"}],"about":[{"href":"https:\/\/aqtilog.fr\/index.php\/wp-json\/wp\/v2\/types\/page"}],"author":[{"embeddable":true,"href":"https:\/\/aqtilog.fr\/index.php\/wp-json\/wp\/v2\/users\/3"}],"replies":[{"embeddable":true,"href":"https:\/\/aqtilog.fr\/index.php\/wp-json\/wp\/v2\/comments?post=854"}],"version-history":[{"count":14,"href":"https:\/\/aqtilog.fr\/index.php\/wp-json\/wp\/v2\/pages\/854\/revisions"}],"predecessor-version":[{"id":1412,"href":"https:\/\/aqtilog.fr\/index.php\/wp-json\/wp\/v2\/pages\/854\/revisions\/1412"}],"wp:attachment":[{"href":"https:\/\/aqtilog.fr\/index.php\/wp-json\/wp\/v2\/media?parent=854"}],"curies":[{"name":"wp","href":"https:\/\/api.w.org\/{rel}","templated":true}]}}