{"id":667,"date":"2022-12-07T10:56:35","date_gmt":"2022-12-07T09:56:35","guid":{"rendered":"http:\/\/aqtilog.fr\/?page_id=667"},"modified":"2024-09-09T09:25:00","modified_gmt":"2024-09-09T07:25:00","slug":"mentions-legales","status":"publish","type":"page","link":"https:\/\/aqtilog.fr\/index.php\/mentions-legales\/","title":{"rendered":"Mentions l\u00e9gales"},"content":{"rendered":"\n<h3 class=\"wp-block-heading\">Pour la soci\u00e9t\u00e9&nbsp;: AQTILOG<\/h3>\n\n\n\n<p>Activit\u00e9 : Conseil en syst\u00e8mes et logiciels informatiques (6202A)<br>Si\u00e8ge social : 16 rue du 8 mai 1945, 33150 CENON<br>Forme juridique : SAS<br>Immatriculation RCS : 948 132 121 R.C.S Bordeaux<br>Siren : 948132121<br>Siret : 94813212100021<br>Capital social : 15 000 \u20ac<br>N\u00b0 de TVA : FR94948132121 <br>Nationalit\u00e9 : Fran\u00e7aise<\/p>\n\n\n\n<h3 class=\"wp-block-heading\">Propri\u00e9taire du site<\/h3>\n\n\n\n<p>SAS AQTILOG<br>Responsable de la publication : Florian OLLIVIER<br>T\u00e9l\u00e9phone :&nbsp;06.98.76.40.00<br>Email : contact@aqtilog.fr<\/p>\n\n\n\n<h3 class=\"wp-block-heading\">Prestataire d\u2019h\u00e9bergement<\/h3>\n\n\n\n<p>OVH SAS &#8211; SAS au capital de 10 174 560 \u20ac<\/p>\n\n\n\n<p class=\"has-nv-site-bg-background-color has-background\">RCS Lille M\u00e9tropole 424 761 419 00045<br>Code APE 2620Z<br>N\u00b0 TVA : FR 22 424 761 419<br>Si\u00e8ge social : 2 rue Kellermann &#8211; 59100 Roubaix &#8211; France<\/p>\n\n\n\n<p>Pr\u00e9sident : Michel Paulin<\/p>\n\n\n\n<p>OVH SAS est une filiale de la soci\u00e9t\u00e9 OVH Groupe SA, soci\u00e9t\u00e9 immatricul\u00e9e au RCS de Lille sous le num\u00e9ro 537 407 926 sise 2, rue Kellermann, 59100 Roubaix.<\/p>\n\n\n\n<p>Ce site est destin\u00e9 \u00e0 votre information. Vous disposez d\u2019un droit d\u2019utilisation, \u00e0 des fins exclusivement personnelles et non commerciales, des informations qui y sont contenues. Vous n\u2019\u00eates donc pas autoris\u00e9 \u00e0 modifier, distribuer, transmettre, diffuser, repr\u00e9senter, reproduire, publier, transf\u00e9rer ou vendre tout ou partie de ce site, tout document t\u00e9l\u00e9charg\u00e9 \u00e0 partir de ce site ou toute liste de liens obtenus \u00e0 partir de ce site, ni \u00e0 cr\u00e9er des \u0153uvres d\u00e9riv\u00e9es de ces documents ou listes de liens, sauf accord particulier et pr\u00e9alable conclu avec l\u2019\u00e9diteur et\/ou l\u2019auteur.<\/p>\n\n\n\n<h3 class=\"wp-block-heading\">R\u00e9serve juridique<\/h3>\n\n\n\n<p>L\u2019\u00e9diteur s\u2019efforce de vous offrir dans ce site une information fiable et actualis\u00e9e. Mais, malgr\u00e9 tout le soin qu\u2019il apporte, des erreurs ou des omissions peuvent survenir. Il s\u2019efforce de corriger les erreurs qui lui sont signal\u00e9es. L\u2019information contenue dans ce site est destin\u00e9e \u00e0 vous apporter des indications g\u00e9n\u00e9rales sur les sujets trait\u00e9s ; elle ne constitue pas un conseil personnalis\u00e9, de quelque nature qu\u2019il soit (organisationnel, marketing, juridique, fiscal, etc.), lequel conseil personnalis\u00e9 suppose l\u2019\u00e9tude et l\u2019analyse de cas particuliers par un professionnel de la sp\u00e9cialit\u00e9 ; elle ne doit pas \u00eatre utilis\u00e9e sans les conseils pr\u00e9alables des experts concern\u00e9s. L\u2019\u00e9diteur ne peut en aucun cas \u00eatre tenu responsable de l\u2019utilisation et de l\u2019interpr\u00e9tation de l\u2019information contenue dans ce site.<\/p>\n\n\n\n<h3 class=\"wp-block-heading\">Absence de garantie<\/h3>\n\n\n\n<p>L\u2019\u00e9diteur ne garantit pas que ce site soit exempt de d\u00e9faut, d\u2019erreur ou d\u2019omission et qu\u2019il corresponde exactement \u00e0 l\u2019usage auquel l\u2019utilisateur le destine. Il ne peut en aucun cas \u00eatre tenu responsable des \u00e9ventuels d\u00e9fauts, erreurs ou omissions existant dans ce site, et des \u00e9ventuelles pertes financi\u00e8res ou autres dommages pouvant en r\u00e9sulter.<\/p>\n\n\n\n<h3 class=\"wp-block-heading\">Liens hypertextes<\/h3>\n\n\n\n<p>L\u2019\u00e9diteur est totalement libre de r\u00e9f\u00e9rencer, de ne pas r\u00e9f\u00e9rencer et de supprimer \u00e0 tout moment le r\u00e9f\u00e9rencement de tel ou tel site. En r\u00e9f\u00e9ren\u00e7ant des sites, il ne cherche pas \u00e0 \u00eatre exhaustif ; par cons\u00e9quent, ses listes de liens, dans quelque rubrique qu\u2019elles soient, ne pr\u00e9tendent en aucun cas \u00e0 l\u2019exhaustivit\u00e9. Ce site comporte des liens hypertextes vers des sites dont l\u2019\u00e9diteur a constat\u00e9 l\u2019existence en s\u2019y connectant au moment o\u00f9 ils ont \u00e9t\u00e9 r\u00e9pertori\u00e9s et sur lesquels il a effectu\u00e9 une v\u00e9rification rapide. Ces liens hypertextes ont \u00e9t\u00e9 classifi\u00e9s selon ses rubriques, en fonction de leur contenu, et, quand elles existent, des indications fournies par les \u00e9diteurs. L\u2019\u00e9diteur ne contr\u00f4le pas les sites qu\u2019il r\u00e9f\u00e9rence, dont la responsabilit\u00e9 rel\u00e8ve uniquement de leurs \u00e9diteurs. Il ne garantit absolument pas le contenu de ces sites, et notamment le caract\u00e8re v\u00e9ridique des informations qu\u2019ils comportent. En outre, il ne contr\u00f4le pas la pr\u00e9sence \u00e9ventuelle de virus informatiques dans les sites r\u00e9f\u00e9renc\u00e9s ; par cons\u00e9quent, il ne peut en aucun cas garantir que ces sites en soient exempts. Il appartient \u00e0 chaque internaute d\u2019exercer son libre arbitre en d\u00e9cidant d\u2019acc\u00e9der \u00e0 tel ou tel site. Les risques li\u00e9s \u00e0 l\u2019utilisation de ces sites incombent donc pleinement \u00e0 l\u2019utilisateur. Le r\u00e9seau internet \u00e9tant constamment en \u00e9volution, il est possible qu\u2019un site que l\u2019\u00e9diteur a r\u00e9f\u00e9renc\u00e9 ait \u00e9t\u00e9 modifi\u00e9 dans son contenu, qu\u2019il ait chang\u00e9 d\u2019adresse ou m\u00eame disparu. L\u2019\u00e9diteur s\u2019assure r\u00e9guli\u00e8rement que les liens sont toujours actifs, mais il n\u2019effectue aucun autre contr\u00f4le. Tout site souhaitant interdire ou limiter son r\u00e9f\u00e9rencement hypertexte peut demander \u00e0 l\u2019\u00e9diteur de supprimer tout ou partie des liens qu\u2019il a cr\u00e9\u00e9s vers lui en \u00e9crivant par mail \u00e0 contact@aqtilog.fr.<\/p>\n\n\n\n<h3 class=\"wp-block-heading\">Protection des contenus<\/h3>\n\n\n\n<p>Tous les textes, photos, vid\u00e9os, donn\u00e9es, logos, marques et autres \u00e9l\u00e9ments reproduits sur ce site sont r\u00e9serv\u00e9s et prot\u00e9g\u00e9s par le droit d\u2019auteur et\/ou toute autre disposition en vigueur qui seraient applicables en mati\u00e8re de propri\u00e9t\u00e9 intellectuelle. Toute utilisation est constitutive de contrefa\u00e7on et au droit d\u2019auteur et\/ou \u00e0 toutes autres dispositions en vigueur qui seraient applicables en mati\u00e8re de propri\u00e9t\u00e9 intellectuelle. Il est donc interdit de reproduire, repr\u00e9senter, diffuser, commercialiser, modifier, conc\u00e9der tout ou partie de l\u2019un quelconque des \u00e9l\u00e9ments reproduits sur le site et tout ou partie du site en g\u00e9n\u00e9ral, sans l\u2019autorisation pr\u00e9alable et expresse de l\u2019\u00e9diteur.<\/p>\n\n\n\n<p class=\"has-x-large-font-size\"><strong>Mentions l\u00e9gales<\/strong><\/p>\n\n\n\n<p><em>Cette politique de confidentialit\u00e9 a \u00e9t\u00e9 mise \u00e0 jour pour la derni\u00e8re fois le 29 mars 2023 et s\u2019applique aux citoyens et aux r\u00e9sidents permanents l\u00e9gaux de l\u2019Espace \u00c9conomique Europ\u00e9en et de la Suisse.<\/em><\/p>\n\n\n\n<h3 class=\"wp-block-heading\">Donn\u00e9es Personnelles<\/h3>\n\n\n\n<p>D\u00e9finitions :<br>L\u2019\u00c9diteur : La personne, physique ou morale, qui \u00e9dite les services de communication au public en ligne.<br>Le Site : L\u2019ensemble des sites, pages Internet et services en ligne propos\u00e9s par l\u2019\u00c9diteur.<br>L\u2019Utilisateur : La personne utilisant le Site et les services.<\/p>\n\n\n\n<h3 class=\"wp-block-heading\">Nature des donn\u00e9es collect\u00e9es<\/h3>\n\n\n\n<p>Dans le cadre de l\u2019utilisation des Sites, l\u2019\u00c9diteur est susceptible de collecter les cat\u00e9gories de donn\u00e9es suivantes concernant ses Utilisateurs :<br>\u2022 Donn\u00e9es d\u2019identit\u00e9<br>\u2022 Donn\u00e9es de communication (adresse mail \u2013 num\u00e9ro de t\u00e9l\u00e9phone)<\/p>\n\n\n\n<h3 class=\"wp-block-heading\">Communication des donn\u00e9es personnelles \u00e0 des tiers<\/h3>\n\n\n\n<p>Communication aux autorit\u00e9s sur la base des obligations l\u00e9gales. Sur la base des obligations l\u00e9gales, vos donn\u00e9es personnelles pourront \u00eatre divulgu\u00e9es en application d\u2019une loi, d\u2019un r\u00e8glement ou en vertu d\u2019une d\u00e9cision d\u2019une autorit\u00e9 r\u00e9glementaire ou judiciaire comp\u00e9tente. De mani\u00e8re g\u00e9n\u00e9rale, nous nous engageons \u00e0 nous conformer \u00e0 toutes les r\u00e8gles l\u00e9gales qui pourraient emp\u00eacher, limiter ou r\u00e9glementer la diffusion d\u2019informations ou de donn\u00e9es et notamment \u00e0 se conformer \u00e0 la Loi n\u00b0 78-17 du 6 janvier 1978 relative \u00e0 l\u2019informatique, aux fichiers et aux libert\u00e9s.<\/p>\n\n\n\n<h3 class=\"wp-block-heading\">Finalit\u00e9 de la r\u00e9utilisation des donn\u00e9es personnelles collect\u00e9es<\/h3>\n\n\n\n<p>\u2022 Vous contacter<br>\u2022 Effectuer les op\u00e9rations relatives \u00e0 la gestion des clients concernant les contrats ; les factures ; la comptabilit\u00e9 et en particulier la gestion des comptes clients<br>\u2022 Le suivi de la relation client tel que la r\u00e9alisation d\u2019enqu\u00eates de satisfaction, la gestion des r\u00e9clamations et du service apr\u00e8s-vente<br>\u2022 La r\u00e9alisation d\u2019op\u00e9rations de communication<\/p>\n\n\n\n<h3 class=\"wp-block-heading\">Collecte des donn\u00e9es d\u2019identit\u00e9<\/h3>\n\n\n\n<h4 class=\"wp-block-heading\">Consultation<\/h4>\n\n\n\n<p>La consultation du Site ne n\u00e9cessite pas d\u2019inscription ni d\u2019identification pr\u00e9alable. Elle peut s\u2019effectuer sans que vous ne communiquiez de donn\u00e9es nominatives vous concernant (nom, pr\u00e9nom, adresse, etc). Nous ne proc\u00e9dons \u00e0 aucun enregistrement de donn\u00e9es nominatives pour la simple consultation du Site.<\/p>\n\n\n\n<h4 class=\"wp-block-heading\">Collecte des donn\u00e9es techniques \u00e0 des fins publicitaires, commerciales et statistiques<\/h4>\n\n\n\n<p>Les donn\u00e9es techniques de votre appareil sont automatiquement collect\u00e9es et enregistr\u00e9es par le Site, \u00e0 des fins publicitaires, commerciales et statistiques. Ces informations nous aident \u00e0 personnaliser et \u00e0 am\u00e9liorer continuellement votre exp\u00e9rience sur notre Site. Nous ne collectons ni ne conservons aucune donn\u00e9e nominative (nom, pr\u00e9nom, adresse\u2026) \u00e9ventuellement attach\u00e9e \u00e0 une donn\u00e9e technique.<\/p>\n\n\n\n<h3 class=\"wp-block-heading\">Cookies<\/h3>\n\n\n\n<h4 class=\"wp-block-heading\">Dur\u00e9e de conservation des cookies<\/h4>\n\n\n\n<p>Conform\u00e9ment aux recommandations de la CNIL, la dur\u00e9e maximale de conservation des cookies est de 13 mois au maximum apr\u00e8s leur premier d\u00e9p\u00f4t dans le terminal de l\u2019Utilisateur, tout comme la dur\u00e9e de la validit\u00e9 du consentement de l\u2019Utilisateur \u00e0 l\u2019utilisation de ces cookies. La dur\u00e9e de vie des cookies n\u2019est pas prolong\u00e9e \u00e0 chaque visite. Le consentement de l\u2019Utilisateur devra donc \u00eatre renouvel\u00e9 \u00e0 l\u2019issue de ce d\u00e9lai.<\/p>\n\n\n\n<h4 class=\"wp-block-heading\">Finalit\u00e9 cookies<\/h4>\n\n\n\n<p>Les cookies peuvent \u00eatre utilis\u00e9s pour des fins statistiques notamment pour optimiser les services rendus \u00e0 l\u2019Utilisateur, \u00e0 partir du traitement des informations concernant la fr\u00e9quence d\u2019acc\u00e8s, la personnalisation des pages ainsi que les op\u00e9rations r\u00e9alis\u00e9es et les informations consult\u00e9es. Vous \u00eates inform\u00e9 que l\u2019\u00c9diteur est susceptible de d\u00e9poser des cookies sur votre terminal. Le cookie enregistre des informations relatives \u00e0 la navigation sur le service (les pages que vous avez consult\u00e9es, la date et l\u2019heure de la consultation\u2026) que nous pourrons lire lors de vos visites ult\u00e9rieures.<\/p>\n\n\n\n<h4 class=\"wp-block-heading\">Droit de l\u2019Utilisateur de refuser les cookies<\/h4>\n\n\n\n<p>Vous reconnaissez avoir \u00e9t\u00e9 inform\u00e9 que l\u2019\u00c9diteur peut avoir recours \u00e0 des cookies. Si vous ne souhaitez pas que des cookies soient utilis\u00e9s sur votre terminal, la plupart des navigateurs vous permettent de d\u00e9sactiver les cookies en passant par les options de r\u00e9glage<\/p>\n\n\n\n<h3 class=\"wp-block-heading\">Conservation des donn\u00e9es techniques<\/h3>\n\n\n\n<h4 class=\"wp-block-heading\">Dur\u00e9e de conservation des donn\u00e9es techniques<\/h4>\n\n\n\n<p>Les donn\u00e9es techniques sont conserv\u00e9es pour la dur\u00e9e strictement n\u00e9cessaire \u00e0 la r\u00e9alisation des finalit\u00e9s vis\u00e9es ci-avant.<\/p>\n\n\n\n<h3 class=\"wp-block-heading\">D\u00e9lai de conservation des donn\u00e9es personnelles et d\u2019anonymisation<\/h3>\n\n\n\n<h4 class=\"wp-block-heading\">Conservation des donn\u00e9es pendant la dur\u00e9e de la relation contractuelle.<\/h4>\n\n\n\n<p>Conform\u00e9ment \u00e0 l\u2019article 6-5\u00b0 de la loi n\u00b078-17 du 6 janvier 1978 relative \u00e0 l\u2019informatique, aux fichiers et aux libert\u00e9s, les donn\u00e9es \u00e0 caract\u00e8re personnel faisant l\u2019objet d\u2019un traitement ne sont pas conserv\u00e9es au-del\u00e0 du temps n\u00e9cessaire \u00e0 l\u2019ex\u00e9cution des obligations d\u00e9finies lors de la conclusion du contrat ou de la dur\u00e9e pr\u00e9d\u00e9finie de la relation contractuelle.<\/p>\n\n\n\n<h4 class=\"wp-block-heading\">Conservation des donn\u00e9es anonymis\u00e9es au del\u00e0 de la relation contractuelle \/ apr\u00e8s la suppression du compte<\/h4>\n\n\n\n<p>Nous conservons les donn\u00e9es personnelles pour la dur\u00e9e strictement n\u00e9cessaire \u00e0 la r\u00e9alisation des finalit\u00e9s d\u00e9crites dans les pr\u00e9sentes CGU. Au-del\u00e0 de cette dur\u00e9e, elles seront anonymis\u00e9es et conserv\u00e9es \u00e0 des fins exclusivement statistiques et ne donneront lieu \u00e0 aucune exploitation, de quelque nature que ce soit.<\/p>\n\n\n\n<h4 class=\"wp-block-heading\">Suppression des donn\u00e9es apr\u00e8s suppression du compte<\/h4>\n\n\n\n<p>Des moyens de purge de donn\u00e9es sont mis en place afin d\u2019en pr\u00e9voir la suppression effective d\u00e8s lors que la dur\u00e9e de conservation ou d\u2019archivage n\u00e9cessaire \u00e0 l\u2019accomplissement des finalit\u00e9s d\u00e9termin\u00e9es ou impos\u00e9es est atteinte. Conform\u00e9ment \u00e0 la loi n\u00b078-17 du 6 janvier 1978 relative \u00e0 l\u2019informatique, aux fichiers et aux libert\u00e9s, vous disposez par ailleurs d\u2019un droit de suppression sur vos donn\u00e9es que vous pouvez exercer \u00e0 tout moment en prenant contact avec l\u2019\u00c9diteur.<\/p>\n\n\n\n<h3 class=\"wp-block-heading\">Indications en cas de faille de s\u00e9curit\u00e9 d\u00e9cel\u00e9e par l\u2019\u00e9diteur<\/h3>\n\n\n\n<h4 class=\"wp-block-heading\">Information de l\u2019Utilisateur en cas de faille de s\u00e9curit\u00e9<\/h4>\n\n\n\n<p>Nous nous engageons \u00e0 mettre en oeuvre toutes les mesures techniques et organisationnelles appropri\u00e9es afin de garantir un niveau de s\u00e9curit\u00e9 adapt\u00e9 au regard des risques d\u2019acc\u00e8s accidentels, non autoris\u00e9s ou ill\u00e9gaux, de divulgation, d\u2019alt\u00e9ration, de perte ou encore de destruction des donn\u00e9es personnelles vous concernant. Dans l\u2019\u00e9ventualit\u00e9 o\u00f9 nous prendrions connaissance d\u2019un acc\u00e8s ill\u00e9gal aux donn\u00e9es personnelles vous concernant stock\u00e9es sur nos serveurs ou ceux de nos prestataires, ou d\u2019un acc\u00e8s non autoris\u00e9 ayant pour cons\u00e9quence la r\u00e9alisation des risques identifi\u00e9s ci-dessus, nous nous engageons \u00e0 :<br>\u2022 Vous notifier l\u2019incident dans les plus brefs d\u00e9lais ;<br>\u2022 Examiner les causes de l\u2019incident et vous en informer ;<br>\u2022 Prendre les mesures n\u00e9cessaires dans la limite du raisonnable afin d\u2019amoindrir les effets n\u00e9gatifs et pr\u00e9judices pouvant r\u00e9sulter dudit incident<br>\u2022 Limitation de la responsabilit\u00e9<br>En aucun cas les engagements d\u00e9finis au point ci-dessus relatifs \u00e0 la notification en cas de faille de s\u00e9curit\u00e9 ne peuvent \u00eatre assimil\u00e9s \u00e0 une quelconque reconnaissance de faute ou de responsabilit\u00e9 quant \u00e0 la survenance de l\u2019incident en question.<\/p>\n\n\n\n<h3 class=\"wp-block-heading\">Transfert des donn\u00e9es personnelles \u00e0 l\u2019\u00e9tranger<\/h3>\n\n\n\n<p>L\u2019\u00c9diteur s\u2019engage \u00e0 ne pas transf\u00e9rer les donn\u00e9es personnelles de ses Utilisateurs en dehors de l\u2019Union europ\u00e9enne.<\/p>\n\n\n\n<h3 class=\"wp-block-heading\">Modification des CGU et de la politique de confidentialit\u00e9<\/h3>\n\n\n\n<p>Nous nous engageons \u00e0 vous informer en cas de modification substantielle des pr\u00e9sentes CGU, et \u00e0 ne pas baisser le niveau de confidentialit\u00e9 de vos donn\u00e9es de mani\u00e8re substantielle sans vous en informer et obtenir votre consentement.<\/p>\n\n\n\n<h3 class=\"wp-block-heading\">Droits<\/h3>\n\n\n\n<p>Chaque personne dont les donn\u00e9es personnelles sont collect\u00e9es via ce site dispose, dans les conditions et limites de la Loi, d\u2019un droit d\u2019acc\u00e8s, d\u2019opposition, de limitation, de portabilit\u00e9, de rectification, d\u2019oubli et de r\u00e9paration. Ces personnes peuvent exercer leurs droits en adressant un email \u00e0\u00a0<a href=\"mailto:contact@aqtilog.fr\">contact@aqtilog.fr<\/a>\u00a0ou un courrier au 16 rue du 8 mai 1945, 33150 CENON.<\/p>\n\n\n\n<h3 class=\"wp-block-heading\">Dispositif Bloctel<\/h3>\n\n\n\n<p>Nous vous informons \u00e9galement de l\u2019existence de la liste d\u2019opposition au d\u00e9marchage t\u00e9l\u00e9phonique \u00ab Bloctel \u00bb, sur laquelle vous pouvez vous inscrire ici :&nbsp;<a href=\"https:\/\/conso.bloctel.fr\/\">https:\/\/conso.bloctel.fr\/<\/a><\/p>\n","protected":false},"excerpt":{"rendered":"<p>Pour la soci\u00e9t\u00e9&nbsp;: AQTILOG Activit\u00e9 : Conseil en syst\u00e8mes et logiciels informatiques (6202A)Si\u00e8ge social : 16 rue du 8 mai 1945, 33150 CENONForme juridique : SASImmatriculation RCS : 948 132 121 R.C.S BordeauxSiren : 948132121Siret : 94813212100021Capital social : 15 000 \u20acN\u00b0 de TVA : FR94948132121 Nationalit\u00e9 : Fran\u00e7aise Propri\u00e9taire du site SAS AQTILOGResponsable de&hellip;&nbsp;<a href=\"https:\/\/aqtilog.fr\/index.php\/mentions-legales\/\" class=\"\" rel=\"bookmark\">Lire la suite &raquo;<span class=\"screen-reader-text\">Mentions l\u00e9gales<\/span><\/a><\/p>\n","protected":false},"author":3,"featured_media":0,"parent":0,"menu_order":0,"comment_status":"closed","ping_status":"closed","template":"","meta":{"neve_meta_sidebar":"","neve_meta_container":"","neve_meta_enable_content_width":"","neve_meta_content_width":0,"neve_meta_title_alignment":"","neve_meta_author_avatar":"","neve_post_elements_order":"","neve_meta_disable_header":"","neve_meta_disable_footer":"","neve_meta_disable_title":"","footnotes":""},"class_list":["post-667","page","type-page","status-publish","hentry"],"_links":{"self":[{"href":"https:\/\/aqtilog.fr\/index.php\/wp-json\/wp\/v2\/pages\/667","targetHints":{"allow":["GET"]}}],"collection":[{"href":"https:\/\/aqtilog.fr\/index.php\/wp-json\/wp\/v2\/pages"}],"about":[{"href":"https:\/\/aqtilog.fr\/index.php\/wp-json\/wp\/v2\/types\/page"}],"author":[{"embeddable":true,"href":"https:\/\/aqtilog.fr\/index.php\/wp-json\/wp\/v2\/users\/3"}],"replies":[{"embeddable":true,"href":"https:\/\/aqtilog.fr\/index.php\/wp-json\/wp\/v2\/comments?post=667"}],"version-history":[{"count":7,"href":"https:\/\/aqtilog.fr\/index.php\/wp-json\/wp\/v2\/pages\/667\/revisions"}],"predecessor-version":[{"id":1658,"href":"https:\/\/aqtilog.fr\/index.php\/wp-json\/wp\/v2\/pages\/667\/revisions\/1658"}],"wp:attachment":[{"href":"https:\/\/aqtilog.fr\/index.php\/wp-json\/wp\/v2\/media?parent=667"}],"curies":[{"name":"wp","href":"https:\/\/api.w.org\/{rel}","templated":true}]}}